{"id":103,"date":"2025-12-04T07:07:59","date_gmt":"2025-12-04T07:07:59","guid":{"rendered":"https:\/\/tamlyhaco.vn\/?page_id=103"},"modified":"2025-12-11T06:22:37","modified_gmt":"2025-12-11T06:22:37","slug":"giao-tiep-cung-con","status":"publish","type":"page","link":"https:\/\/tamlyhaco.vn\/index.php\/giao-tiep-cung-con\/","title":{"rendered":"GIAO TI\u1ebeP C\u00d9NG CON"},"content":{"rendered":"\n<div class=\"wp-block-group alignfull has-accent-background-color has-background has-global-padding is-layout-constrained wp-container-core-group-is-layout-669513ed wp-block-group-is-layout-constrained\" style=\"margin-top:0;margin-bottom:0;padding-top:var(--wp--preset--spacing--50);padding-right:var(--wp--preset--spacing--50);padding-bottom:var(--wp--preset--spacing--50);padding-left:var(--wp--preset--spacing--50)\">\n<div class=\"wp-block-columns alignwide is-layout-flex wp-container-core-columns-is-layout-1da03c2a wp-block-columns-is-layout-flex\">\n<div class=\"wp-block-column is-vertically-aligned-stretch is-layout-flow wp-block-column-is-layout-flow\" style=\"flex-basis:50%\">\n<div class=\"wp-block-group is-vertical is-content-justification-stretch is-layout-flex wp-container-core-group-is-layout-444d5ee8 wp-block-group-is-layout-flex\" style=\"min-height:100%\">\n<p class=\"has-text-align-center\">H\u01af\u1edaNG D\u1eaaN PH\u1ee4 HUYNH GIAO TI\u1ebeP HI\u1ec6U QU\u1ea2 V\u1edaI TR\u1eba CHUY\u00caN BI\u1ec6T<\/p>\n\n\n\n<p class=\"has-heading-font-family has-large-font-size\" style=\"line-height:1.2\">H\u1ed7 tr\u1ee3 ph\u1ee5 huynh nh\u1eadn bi\u1ebft s\u1edbm d\u1ea5u hi\u1ec7u ch\u1eadm ph\u00e1t tri\u1ec3n, kh\u00f3 kh\u0103n trong giao ti\u1ebfp c\u1ee7a tr\u1ebb.<\/p>\n\n\n\n<p class=\"has-medium-font-size\">Trang b\u1ecb k\u1ef9 n\u0103ng tr\u00f2 chuy\u1ec7n, ph\u1ea3n h\u1ed3i v\u00e0 ch\u01a1i c\u00f9ng con theo h\u01b0\u1edbng h\u1ed7 tr\u1ee3 ph\u00e1t tri\u1ec3n ng\u00f4n ng\u1eef \u2013 c\u1ea3m x\u00fac.<\/p>\n\n\n\n<p class=\"has-heading-font-family has-large-font-size\" style=\"line-height:1.2\">Gi\u00fap ph\u1ee5 huynh t\u1ef1 tin v\u00e0 b\u00ecnh t\u0129nh h\u01a1n khi \u0111\u1ed3ng h\u00e0nh v\u1edbi con .<\/p>\n<\/div>\n<\/div>\n\n\n\n<div class=\"wp-block-column is-vertically-aligned-center is-layout-flow wp-block-column-is-layout-flow\" style=\"flex-basis:50%\">\n<figure class=\"wp-block-image size-full is-style-rounded is-style-rounded--1\"><img loading=\"lazy\" decoding=\"async\" width=\"1024\" height=\"1024\" src=\"https:\/\/tamlyhaco.vn\/wp-content\/uploads\/2025\/12\/unnamed-4.jpg\" alt=\"\" class=\"wp-image-104\" style=\"aspect-ratio:3\/4;object-fit:cover\" srcset=\"https:\/\/tamlyhaco.vn\/wp-content\/uploads\/2025\/12\/unnamed-4.jpg 1024w, https:\/\/tamlyhaco.vn\/wp-content\/uploads\/2025\/12\/unnamed-4-300x300.jpg 300w, https:\/\/tamlyhaco.vn\/wp-content\/uploads\/2025\/12\/unnamed-4-150x150.jpg 150w, https:\/\/tamlyhaco.vn\/wp-content\/uploads\/2025\/12\/unnamed-4-768x768.jpg 768w\" sizes=\"auto, (max-width: 1024px) 100vw, 1024px\" \/><\/figure>\n<\/div>\n<\/div>\n<\/div>\n\n\n\n<div class=\"wp-block-group alignfull has-base-background-color has-background has-global-padding is-layout-constrained wp-container-core-group-is-layout-d89aad35 wp-block-group-is-layout-constrained\" style=\"margin-top:0;margin-bottom:0;padding-top:var(--wp--preset--spacing--50);padding-right:var(--wp--preset--spacing--50);padding-bottom:var(--wp--preset--spacing--50);padding-left:var(--wp--preset--spacing--50)\">\n<div class=\"wp-block-columns alignwide is-layout-flex wp-container-core-columns-is-layout-549b0c86 wp-block-columns-is-layout-flex\">\n<div class=\"wp-block-column has-global-padding is-content-justification-left is-layout-constrained wp-container-core-column-is-layout-4f15e8fe wp-block-column-is-layout-constrained\" style=\"flex-basis:40%\">\n<p>Kh\u00f4ng c\u00f3 h\u00e0nh tr\u00ecnh l\u00e0m cha m\u1eb9 n\u00e0o l\u00e0 d\u1ec5 d\u00e0ng, nh\u1ea5t l\u00e0 khi con g\u1eb7p kh\u00f3 kh\u0103n trong giao ti\u1ebfp. Nh\u1eefng d\u1ea5u hi\u1ec7u ch\u1eadm n\u00f3i, \u00edt t\u01b0\u01a1ng t\u00e1c hay ph\u1ea3n \u1ee9ng ch\u1eadm \u0111\u00f4i khi khi\u1ebfn ba m\u1eb9 lo l\u1eafng kh\u00f4ng bi\u1ebft b\u1eaft \u0111\u1ea7u t\u1eeb \u0111\u00e2u.<\/p>\n\n\n\n<p>M\u1ed7i \u0111\u1ee9a tr\u1ebb \u0111\u1ec1u c\u00f3 t\u1ed1c \u0111\u1ed9 l\u1edbn l\u00ean v\u00e0 c\u00e1ch giao ti\u1ebfp r\u1ea5t ri\u00eang. Khi con g\u1eb7p kh\u00f3 kh\u0103n trong vi\u1ec7c n\u00f3i, di\u1ec5n \u0111\u1ea1t hay t\u01b0\u01a1ng t\u00e1c, ba m\u1eb9 ch\u00ednh l\u00e0 chi\u1ebfc c\u1ea7u n\u1ed1i quan tr\u1ecdng nh\u1ea5t \u0111\u1ec3 gi\u00fap con m\u1edf ra th\u1ebf gi\u1edbi c\u1ee7a m\u00ecnh.<\/p>\n\n\n\n<p>N\u1ebfu ai trong ch\u00fang ta t\u1eebng \u0111\u1ecdc cu\u1ed1n \u201cSa m\u1ea1c n\u1edf hoa\u201d \u2013quy\u1ec3n s\u00e1ch r\u1ea5t <a><\/a>hay n\u00f3i v\u1ec1 c\u1eadu b\u00e9 \u201c\u0111i t\u00ecm ch\u00ednh m\u00ecnh\u201d &#8211; Dibs &#8211; ch\u00fa b\u00e9 c\u00f3 nhi\u1ec1u t\u00e0i n\u0103ng, v\u1edbi m\u1ed9t tr\u00ed th\u00f4ng minh v\u01b0\u1ee3t xa m\u1ee9c trung b\u00ecnh. V\u1eady m\u00e0 tr\u01b0\u1edbc kia, em hi\u1ec7n ra nh\u01b0 m\u1ed9t tr\u1ebb \u0111\u1ea7n \u0111\u1ed9n, \u0111\u1ebfn n\u1ed7i gia \u0111\u00ecnh v\u00e0 nh\u00e0 tr\u01b0\u1eddng \u0111\u00e3 b\u1eaft \u0111\u1ea7u tuy\u1ec7t v\u1ecdng v\u1ec1 em. V\u1edbi th\u00f4ng \u0111i\u1ec7p \u201cNgay c\u1ea3 n\u01a1i kh\u00f4 c\u1eb1n nh\u1ea5t c\u0169ng c\u00f3 th\u1ec3 n\u1edf hoa, ch\u1ec9 c\u1ea7n \u0111\u1ee7 s\u1ef1 th\u1ea5u hi\u1ec3u v\u00e0 ch\u0103m s\u00f3c.\u201d \u0110i\u1ec1u \u0111\u00f3 c\u0169ng gi\u1ed1ng nh\u01b0 h\u00e0nh tr\u00ecnh v\u1edbi nh\u1eefng \u0111\u1ee9a tr\u1ebb ch\u1eadm ph\u00e1t tri\u1ec3n giao ti\u1ebfp \u2014 ch\u1ec9 c\u1ea7n \u0111\u01b0\u1ee3c \u0111\u1ed3ng h\u00e0nh \u0111\u00fang c\u00e1ch, con s\u1ebd c\u00f3 c\u01a1 h\u1ed9i n\u1edf ra nh\u1eefng b\u00f4ng hoa r\u1ea5t ri\u00eang c\u1ee7a m\u00ecnh.<\/p>\n\n\n\n<p>Chuy\u00ean \u0111\u1ec1 \u201cHi\u1ec3u v\u00e0 \u0111\u1ed3ng h\u00e0nh c\u00f9ng con \u2013 K\u1ef9 n\u0103ng giao ti\u1ebfp v\u1edbi tr\u1ebb ch\u1eadm ph\u00e1t tri\u1ec3n\u201d \u0111\u01b0\u1ee3c thi\u1ebft k\u1ebf d\u00e0nh ri\u00eang cho ph\u1ee5 huynh \u0111ang lo l\u1eafng, b\u1ed1i r\u1ed1i v\u00e0 c\u1ea7n th\u00eam \u0111\u1ecbnh h\u01b0\u1edbng.<\/p>\n\n\n\n<p><\/p>\n\n\n\n<p><\/p>\n<\/div>\n\n\n\n<div class=\"wp-block-column is-layout-flow wp-container-core-column-is-layout-119bc444 wp-block-column-is-layout-flow\" style=\"flex-basis:60%\">\n<p class=\"has-heading-font-family has-x-large-font-size\" style=\"line-height:1.2\"><strong>B\u1ea1n \u0111ang tr\u0103n tr\u1edf :<\/strong><\/p>\n\n\n\n<ul class=\"wp-block-list\">\n<li>Li\u1ec7u nh\u1eefng <strong>d\u1ea5u hi\u1ec7u<\/strong> con \u0111ang th\u1ec3 hi\u1ec7n c\u00f3 ph\u1ea3i l\u00e0 <strong>ch\u1eadm ph\u00e1t tri\u1ec3n<\/strong> hay kh\u00f3 kh\u0103n trong giao ti\u1ebfp?<\/li>\n\n\n\n<li>L\u00e0m th\u1ebf n\u00e0o \u0111\u1ec3 <strong>tr\u00f2 chuy\u1ec7n<\/strong> v\u00e0 <strong>ph\u1ea3n h\u1ed3i<\/strong> m\u1ed9t c\u00e1ch hi\u1ec7u qu\u1ea3, gi\u00fap con ph\u00e1t tri\u1ec3n ng\u00f4n ng\u1eef v\u00e0 c\u1ea3m x\u00fac t\u1ed1t h\u01a1n?<\/li>\n\n\n\n<li>\u0110\u00f4i khi b\u1ea1n c\u1ea3m th\u1ea5y <strong>b\u1ea5t l\u1ef1c<\/strong> hay <strong>lo l\u1eafng<\/strong> tr\u00ean h\u00e0nh tr\u00ecnh \u0111\u1ed3ng h\u00e0nh c\u00f9ng con?<\/li>\n<\/ul>\n\n\n\n<hr class=\"wp-block-separator has-alpha-channel-opacity\"\/>\n\n\n\n<figure class=\"wp-block-image size-full\"><img loading=\"lazy\" decoding=\"async\" width=\"1024\" height=\"1024\" src=\"https:\/\/tamlyhaco.vn\/wp-content\/uploads\/2025\/12\/unnamed-1-3.jpg\" alt=\"\" class=\"wp-image-136\" srcset=\"https:\/\/tamlyhaco.vn\/wp-content\/uploads\/2025\/12\/unnamed-1-3.jpg 1024w, https:\/\/tamlyhaco.vn\/wp-content\/uploads\/2025\/12\/unnamed-1-3-300x300.jpg 300w, https:\/\/tamlyhaco.vn\/wp-content\/uploads\/2025\/12\/unnamed-1-3-150x150.jpg 150w, https:\/\/tamlyhaco.vn\/wp-content\/uploads\/2025\/12\/unnamed-1-3-768x768.jpg 768w\" sizes=\"auto, (max-width: 1024px) 100vw, 1024px\" \/><\/figure>\n\n\n\n<div class=\"wp-block-columns is-layout-flex wp-container-core-columns-is-layout-87beb0d0 wp-block-columns-is-layout-flex\">\n<div class=\"wp-block-column is-layout-flow wp-block-column-is-layout-flow\">\n<p class=\"wp-container-content-9cfa9a5a\"><strong>Vai tr\u00f2 c\u1ee7a cha m\u1eb9 trong h\u00e0nh tr\u00ecnh giao ti\u1ebfp<\/strong><\/p>\n\n\n\n<p class=\"wp-container-content-9cfa9a5a\">M\u1ed7i ti\u1ebfn b\u1ed9 nh\u1ecf \u0111\u1ec1u \u0111\u00e1ng ghi nh\u1eadn.<\/p>\n\n\n\n<p>Ki\u00ean nh\u1eabn, nh\u1ea5t qu\u00e1n, kh\u00f4ng so s\u00e1nh.<\/p>\n\n\n\n<p>T\u00f4n tr\u1ecdng nh\u1ecbp ph\u00e1t tri\u1ec3n ri\u00eang bi\u1ec7t c\u1ee7a con.<\/p>\n\n\n\n<p>Giao ti\u1ebfp b\u1eb1ng y\u00eau th\u01b0\u01a1ng thay v\u00ec ki\u1ec3m so\u00e1t.<\/p>\n<\/div>\n\n\n\n<div class=\"wp-block-column is-layout-flow wp-block-column-is-layout-flow\">\n<p>Tr\u1ebb chuy\u00ean bi\u1ec7t kh\u00f4ng c\u1ea7n cha m\u1eb9 ho\u00e0n h\u1ea3o. Tr\u1ebb ch\u1ec9 c\u1ea7n cha m\u1eb9 HI\u1ec6N DI\u1ec6N \u2013 KI\u00caN NH\u1eaaN \u2013 v\u00e0 Y\u00caU TH\u01af\u01a0NG \u0110\u00daNG C\u00c1CH. M\u1ed7i ng\u00e0y ch\u1ec9 c\u1ea7n 10\u201315 ph\u00fat giao ti\u1ebfp ch\u1ea5t l\u01b0\u1ee3ng theo c\u00e1c ho\u1ea1t \u0111\u1ed9ng tr\u00ean, b\u1ea1n s\u1ebd th\u1ea5y con ti\u1ebfn b\u1ed9 r\u00f5 r\u1ec7t v\u00e0 quan tr\u1ecdng nh\u1ea5t \u2013 con c\u1ea3m nh\u1eadn \u0111\u01b0\u1ee3c m\u00ecnh \u0111\u01b0\u1ee3c y\u00eau th\u01b0\u01a1ng v\u00f4 \u0111i\u1ec1u ki\u1ec7n.<\/p>\n\n\n\n<p>\u201cY\u00eau th\u01b0\u01a1ng kh\u00f4ng ph\u1ea3i l\u00e0 s\u1eeda ch\u1eefa con, m\u00e0 l\u00e0 \u0111\u1ed3ng h\u00e0nh c\u00f9ng con ch\u1eefa l\u00e0nh.\u201d<\/p>\n<\/div>\n<\/div>\n<\/div>\n<\/div>\n<\/div>\n\n\n\n<div class=\"wp-block-group alignfull has-accent-5-background-color has-background has-global-padding is-layout-constrained wp-container-core-group-is-layout-d89aad35 wp-block-group-is-layout-constrained\" style=\"margin-top:0;margin-bottom:0;padding-top:var(--wp--preset--spacing--50);padding-right:var(--wp--preset--spacing--50);padding-bottom:var(--wp--preset--spacing--50);padding-left:var(--wp--preset--spacing--50)\">\n<div class=\"wp-block-columns alignwide is-layout-flex wp-container-core-columns-is-layout-1da03c2a wp-block-columns-is-layout-flex\">\n<div class=\"wp-block-column is-vertically-aligned-center is-layout-flow wp-block-column-is-layout-flow\" style=\"flex-basis:60%\">\n<figure class=\"wp-block-image size-full is-style-rounded wp-duotone-duotone-1 is-style-rounded--2\"><img loading=\"lazy\" decoding=\"async\" width=\"1024\" height=\"1024\" src=\"https:\/\/tamlyhaco.vn\/wp-content\/uploads\/2025\/12\/unnamed-2-3.jpg\" alt=\"\" class=\"wp-image-137\" style=\"aspect-ratio:4\/3;object-fit:cover\" srcset=\"https:\/\/tamlyhaco.vn\/wp-content\/uploads\/2025\/12\/unnamed-2-3.jpg 1024w, https:\/\/tamlyhaco.vn\/wp-content\/uploads\/2025\/12\/unnamed-2-3-300x300.jpg 300w, https:\/\/tamlyhaco.vn\/wp-content\/uploads\/2025\/12\/unnamed-2-3-150x150.jpg 150w, https:\/\/tamlyhaco.vn\/wp-content\/uploads\/2025\/12\/unnamed-2-3-768x768.jpg 768w\" sizes=\"auto, (max-width: 1024px) 100vw, 1024px\" \/><\/figure>\n<\/div>\n\n\n\n<div class=\"wp-block-column is-layout-flow wp-block-column-is-layout-flow\" style=\"flex-basis:40%\">\n<p><strong>L\u1ee3i \u00edch ph\u1ee5 huynh nh\u1eadn \u0111\u01b0\u1ee3c<\/strong><\/p>\n\n\n\n<ul class=\"wp-block-list\">\n<li>Hi\u1ec3u con s\u00e2u h\u01a1n v\u00e0 bi\u1ebft c\u00e1ch \u201cb\u01b0\u1edbc v\u00e0o th\u1ebf gi\u1edbi c\u1ee7a con\u201d.<\/li>\n\n\n\n<li>T\u1ef1 tin giao ti\u1ebfp v\u1edbi con theo h\u01b0\u1edbng nh\u1eb9 nh\u00e0ng nh\u01b0ng hi\u1ec7u qu\u1ea3.<\/li>\n\n\n\n<li>T\u1ea1o m\u00f4i tr\u01b0\u1eddng giao ti\u1ebfp t\u00edch c\u1ef1c, gi\u00fap con ph\u00e1t tri\u1ec3n ng\u00f4n ng\u1eef v\u00e0 kh\u1ea3 n\u0103ng t\u01b0\u01a1ng t\u00e1c x\u00e3 h\u1ed9i.<\/li>\n\n\n\n<li>Gi\u1ea3m c\u0103ng th\u1eb3ng, hi\u1ec3u l\u1ea7m v\u00e0 xung \u0111\u1ed9t trong gia \u0111\u00ecnh.<\/li>\n\n\n\n<li>C\u00f3 k\u1ef9 n\u0103ng x\u1eed l\u00fd c\u00e1c t\u00ecnh hu\u1ed1ng kh\u00f3 m\u00e0 ph\u1ee5 huynh th\u01b0\u1eddng g\u1eb7p h\u1eb1ng ng\u00e0y.<\/li>\n<\/ul>\n<\/div>\n<\/div>\n<\/div>\n\n\n\n<figure class=\"wp-block-image size-large\"><img loading=\"lazy\" decoding=\"async\" width=\"687\" height=\"1024\" src=\"https:\/\/tamlyhaco.vn\/wp-content\/uploads\/2025\/12\/image-3-687x1024.jpg\" alt=\"\" class=\"wp-image-176\" srcset=\"https:\/\/tamlyhaco.vn\/wp-content\/uploads\/2025\/12\/image-3-687x1024.jpg 687w, https:\/\/tamlyhaco.vn\/wp-content\/uploads\/2025\/12\/image-3-201x300.jpg 201w, https:\/\/tamlyhaco.vn\/wp-content\/uploads\/2025\/12\/image-3-768x1144.jpg 768w, https:\/\/tamlyhaco.vn\/wp-content\/uploads\/2025\/12\/image-3.jpg 784w\" sizes=\"auto, (max-width: 687px) 100vw, 687px\" \/><\/figure>\n\n\n\n<figure class=\"wp-block-image size-large\"><img loading=\"lazy\" decoding=\"async\" width=\"724\" height=\"1024\" src=\"https:\/\/tamlyhaco.vn\/wp-content\/uploads\/2025\/12\/Poster-0712_2_CONG-TY-TNHH-HACO-VN-724x1024.png\" alt=\"\" class=\"wp-image-283\" srcset=\"https:\/\/tamlyhaco.vn\/wp-content\/uploads\/2025\/12\/Poster-0712_2_CONG-TY-TNHH-HACO-VN-724x1024.png 724w, https:\/\/tamlyhaco.vn\/wp-content\/uploads\/2025\/12\/Poster-0712_2_CONG-TY-TNHH-HACO-VN-212x300.png 212w, https:\/\/tamlyhaco.vn\/wp-content\/uploads\/2025\/12\/Poster-0712_2_CONG-TY-TNHH-HACO-VN-768x1086.png 768w, https:\/\/tamlyhaco.vn\/wp-content\/uploads\/2025\/12\/Poster-0712_2_CONG-TY-TNHH-HACO-VN-1086x1536.png 1086w, https:\/\/tamlyhaco.vn\/wp-content\/uploads\/2025\/12\/Poster-0712_2_CONG-TY-TNHH-HACO-VN-1448x2048.png 1448w, https:\/\/tamlyhaco.vn\/wp-content\/uploads\/2025\/12\/Poster-0712_2_CONG-TY-TNHH-HACO-VN.png 1587w\" sizes=\"auto, (max-width: 724px) 100vw, 724px\" \/><\/figure>\n","protected":false},"excerpt":{"rendered":"<p>H\u01af\u1edaNG D\u1eaaN PH\u1ee4 HUYNH GIAO TI\u1ebeP HI\u1ec6U QU\u1ea2 V\u1edaI TR\u1eba CHUY\u00caN BI\u1ec6T H\u1ed7 tr\u1ee3 ph\u1ee5 huynh nh\u1eadn bi\u1ebft s\u1edbm d\u1ea5u hi\u1ec7u ch\u1eadm ph\u00e1t tri\u1ec3n, kh\u00f3 kh\u0103n trong giao ti\u1ebfp c\u1ee7a tr\u1ebb. Trang b\u1ecb k\u1ef9 n\u0103ng tr\u00f2 chuy\u1ec7n, ph\u1ea3n h\u1ed3i v\u00e0 ch\u01a1i c\u00f9ng con theo h\u01b0\u1edbng h\u1ed7 tr\u1ee3 ph\u00e1t tri\u1ec3n ng\u00f4n ng\u1eef \u2013 c\u1ea3m x\u00fac. Gi\u00fap [&hellip;]<\/p>\n","protected":false},"author":1,"featured_media":0,"parent":0,"menu_order":0,"comment_status":"closed","ping_status":"closed","template":"","meta":{"footnotes":""},"class_list":["post-103","page","type-page","status-publish","hentry"],"_links":{"self":[{"href":"https:\/\/tamlyhaco.vn\/index.php\/wp-json\/wp\/v2\/pages\/103","targetHints":{"allow":["GET"]}}],"collection":[{"href":"https:\/\/tamlyhaco.vn\/index.php\/wp-json\/wp\/v2\/pages"}],"about":[{"href":"https:\/\/tamlyhaco.vn\/index.php\/wp-json\/wp\/v2\/types\/page"}],"author":[{"embeddable":true,"href":"https:\/\/tamlyhaco.vn\/index.php\/wp-json\/wp\/v2\/users\/1"}],"replies":[{"embeddable":true,"href":"https:\/\/tamlyhaco.vn\/index.php\/wp-json\/wp\/v2\/comments?post=103"}],"version-history":[{"count":10,"href":"https:\/\/tamlyhaco.vn\/index.php\/wp-json\/wp\/v2\/pages\/103\/revisions"}],"predecessor-version":[{"id":352,"href":"https:\/\/tamlyhaco.vn\/index.php\/wp-json\/wp\/v2\/pages\/103\/revisions\/352"}],"wp:attachment":[{"href":"https:\/\/tamlyhaco.vn\/index.php\/wp-json\/wp\/v2\/media?parent=103"}],"curies":[{"name":"wp","href":"https:\/\/api.w.org\/{rel}","templated":true}]}}