{"id":113,"date":"2025-12-03T07:11:03","date_gmt":"2025-12-03T07:11:03","guid":{"rendered":"https:\/\/tamlyhaco.vn\/?page_id=113"},"modified":"2025-12-11T10:35:36","modified_gmt":"2025-12-11T10:35:36","slug":"dich-vu-tham-van-tam-ly-lang-nghe-dong-hanh","status":"publish","type":"page","link":"https:\/\/tamlyhaco.vn\/index.php\/dich-vu-tham-van-tam-ly-lang-nghe-dong-hanh\/","title":{"rendered":"Tham v\u1ea5n t\u00e2m l\u00fd: L\u1eafng Nghe &amp; \u0110\u1ed3ng H\u00e0nh"},"content":{"rendered":"\n<div class=\"wp-block-group alignfull has-accent-background-color has-background has-global-padding is-layout-constrained wp-container-core-group-is-layout-669513ed wp-block-group-is-layout-constrained\" style=\"margin-top:0;margin-bottom:0;padding-top:var(--wp--preset--spacing--50);padding-right:var(--wp--preset--spacing--50);padding-bottom:var(--wp--preset--spacing--50);padding-left:var(--wp--preset--spacing--50)\">\n<div class=\"wp-block-columns alignwide is-layout-flex wp-container-core-columns-is-layout-1da03c2a wp-block-columns-is-layout-flex\">\n<div class=\"wp-block-column is-vertically-aligned-stretch is-layout-flow wp-block-column-is-layout-flow\" style=\"flex-basis:50%\">\n<div class=\"wp-block-group is-vertical is-content-justification-stretch is-layout-flex wp-container-core-group-is-layout-444d5ee8 wp-block-group-is-layout-flex\" style=\"min-height:100%\">\n<p class=\"has-heading-font-family has-medium-font-size\" style=\"line-height:1.2\">Trong cu\u1ed9c \u0111\u1eddi, kh\u00f4ng ai b\u01b0\u1edbc \u0111i m\u00e0 ch\u01b0a t\u1eebng mang theo nh\u1eefng v\u1ebft tr\u1ea7y x\u01b0\u1edbc c\u1ee7a c\u1ea3m x\u00fac. C\u00f3 nh\u1eefng t\u1ed5n th\u01b0\u01a1ng \u0111\u1ebfn r\u1ea5t kh\u1ebd, ch\u1ec9 tho\u00e1ng qua nh\u01b0ng v\u1eabn \u0111\u1ec3 l\u1ea1i d\u01b0 \u00e2m. V\u00e0 c\u0169ng c\u00f3 nh\u1eefng t\u1ed5n th\u01b0\u01a1ng s\u00e2u \u0111\u1ebfn m\u1ee9c khi\u1ebfn ta thu m\u00ecnh l\u1ea1i, kh\u00f4ng d\u00e1m m\u1edf l\u00f2ng, kh\u00f4ng d\u00e1m tin, kh\u00f4ng d\u00e1m b\u01b0\u1edbc ti\u1ebfp. <\/p>\n\n\n\n<p class=\"has-heading-font-family has-medium-font-size\" style=\"line-height:1.2\">C\u00f3 nh\u1eefng v\u1ebft th\u01b0\u01a1ng kh\u00f4ng nh\u00ecn th\u1ea5y b\u1eb1ng m\u1eaft th\u01b0\u1eddng: m\u1ed9t tu\u1ed5i th\u01a1 thi\u1ebfu h\u01a1i \u1ea5m, m\u1ed9t m\u1ed1i quan h\u1ec7 tan v\u1ee1, s\u1ef1 ph\u1ea3n b\u1ed9i t\u1eeb ng\u01b0\u1eddi m\u00ecnh tin t\u01b0\u1edfng nh\u1ea5t, hay \u0111\u01a1n gi\u1ea3n l\u00e0 c\u1ea3m gi\u00e1c tr\u1ed1ng r\u1ed7ng k\u00e9o d\u00e0i kh\u00f4ng l\u00fd do. Ch\u00fang \u00e2m th\u1ea7m n\u1eb1m \u0111\u00f3, \u0111\u00f4i khi im l\u1eb7ng h\u00e0ng ch\u1ee5c n\u0103m, r\u1ed3i b\u1ea5t ch\u1ee3t nh\u00f3i l\u00ean khi\u1ebfn ta co r\u00fam l\u1ea1i.<\/p>\n\n\n\n<p class=\"has-heading-font-family has-medium-font-size\" style=\"line-height:1.2\">D\u00f9 t\u1ed5n th\u01b0\u01a1ng s\u00e2u \u0111\u1ebfn m\u1ea5y, trong m\u1ed7i ng\u01b0\u1eddi v\u1eabn lu\u00f4n t\u1ed3n t\u1ea1i m\u1ed9t h\u1ea1t gi\u1ed1ng hy v\u1ecdng.<\/p>\n\n\n\n<p class=\"has-heading-font-family has-medium-font-size\" style=\"line-height:1.2\">T\u1ea1i Haco, ch\u00fang t\u00f4i tin v\u00e0o kh\u1ea3 n\u0103ng t\u1ef1 ch\u1eefa l\u00e0nh c\u1ee7a m\u1ed7i con ng\u01b0\u1eddi\u2014ch\u1ec9 c\u1ea7n \u0111\u01b0\u1ee3c n\u00e2ng \u0111\u1ee1 b\u1eb1ng s\u1ef1 t\u00f4n tr\u1ecdng, \u1ea5m \u00e1p.<\/p>\n\n\n\n<p class=\"has-heading-font-family has-medium-font-size\" style=\"line-height:1.2\">Ch\u00fang t\u00f4i \u0111\u1ed3ng h\u00e0nh c\u00f9ng b\u1ea1n tr\u00ean h\u00e0nh tr\u00ecnh tr\u1edf l\u1ea1i v\u1edbi s\u1ef1 b\u00ecnh an trong ch\u00ednh m\u00ecnh<\/p>\n<\/div>\n<\/div>\n\n\n\n<div class=\"wp-block-column is-vertically-aligned-center is-layout-flow wp-block-column-is-layout-flow\" style=\"flex-basis:50%\">\n<figure class=\"wp-block-image size-full is-style-rounded is-style-rounded--1\"><img loading=\"lazy\" decoding=\"async\" width=\"1024\" height=\"1024\" src=\"https:\/\/tamlyhaco.vn\/wp-content\/uploads\/2025\/12\/unnamed-1-2.jpg\" alt=\"\" class=\"wp-image-121\" style=\"aspect-ratio:3\/4;object-fit:cover\" srcset=\"https:\/\/tamlyhaco.vn\/wp-content\/uploads\/2025\/12\/unnamed-1-2.jpg 1024w, https:\/\/tamlyhaco.vn\/wp-content\/uploads\/2025\/12\/unnamed-1-2-300x300.jpg 300w, https:\/\/tamlyhaco.vn\/wp-content\/uploads\/2025\/12\/unnamed-1-2-150x150.jpg 150w, https:\/\/tamlyhaco.vn\/wp-content\/uploads\/2025\/12\/unnamed-1-2-768x768.jpg 768w\" sizes=\"auto, (max-width: 1024px) 100vw, 1024px\" \/><\/figure>\n<\/div>\n<\/div>\n<\/div>\n\n\n\n<div class=\"wp-block-group alignfull has-base-background-color has-background has-global-padding is-layout-constrained wp-container-core-group-is-layout-d89aad35 wp-block-group-is-layout-constrained\" style=\"margin-top:0;margin-bottom:0;padding-top:var(--wp--preset--spacing--50);padding-right:var(--wp--preset--spacing--50);padding-bottom:var(--wp--preset--spacing--50);padding-left:var(--wp--preset--spacing--50)\">\n<div class=\"wp-block-columns alignwide is-layout-flex wp-container-core-columns-is-layout-549b0c86 wp-block-columns-is-layout-flex\">\n<div class=\"wp-block-column has-global-padding is-content-justification-left is-layout-constrained wp-container-core-column-is-layout-4f15e8fe wp-block-column-is-layout-constrained\" style=\"flex-basis:40%\">\n<p class=\"has-text-align-center\"><strong>T\u00ecm l\u1ea1i s\u1ef1 B\u00ecnh An trong Cu\u1ed9c S\u1ed1ng B\u1eadn R\u1ed9n<\/strong><\/p>\n\n\n\n<figure class=\"wp-block-image size-full\"><img loading=\"lazy\" decoding=\"async\" width=\"1024\" height=\"1024\" src=\"https:\/\/tamlyhaco.vn\/wp-content\/uploads\/2025\/12\/unnamed-10.jpg\" alt=\"\" class=\"wp-image-124\" srcset=\"https:\/\/tamlyhaco.vn\/wp-content\/uploads\/2025\/12\/unnamed-10.jpg 1024w, https:\/\/tamlyhaco.vn\/wp-content\/uploads\/2025\/12\/unnamed-10-300x300.jpg 300w, https:\/\/tamlyhaco.vn\/wp-content\/uploads\/2025\/12\/unnamed-10-150x150.jpg 150w, https:\/\/tamlyhaco.vn\/wp-content\/uploads\/2025\/12\/unnamed-10-768x768.jpg 768w\" sizes=\"auto, (max-width: 1024px) 100vw, 1024px\" \/><\/figure>\n\n\n\n<p>Cu\u1ed9c s\u1ed1ng tr\u01b0\u1edfng th\u00e0nh \u0111\u1ea7y \u1eafp nh\u1eefng th\u00e1ch th\u1ee9c v\u00e0 thay \u0111\u1ed5i. \u0110\u00f4i khi, b\u1ea1n c\u1ea7n m\u1ed9t kh\u00f4ng gian an to\u00e0n, ri\u00eang t\u01b0, v\u00e0 kh\u00f4ng ph\u00e1n x\u00e9t \u0111\u1ec3 nh\u00ecn nh\u1eadn l\u1ea1i m\u1ecdi th\u1ee9. V\u0103n ph\u00f2ng <strong>Tham v\u1ea5n t\u00e2m l\u00fd<\/strong> l\u00e0 n\u01a1i b\u1ea1n \u0111\u01b0\u1ee3c <strong>l\u1eafng nghe chuy\u00ean nghi\u1ec7p v\u00e0 \u0111\u1ed3ng h\u00e0nh c\u00f9ng b\u1ea1n.<\/strong><\/p>\n<\/div>\n\n\n\n<div class=\"wp-block-column is-layout-flow wp-container-core-column-is-layout-119bc444 wp-block-column-is-layout-flow\" style=\"flex-basis:60%\">\n<p class=\"has-text-align-center has-heading-font-family has-large-font-size\" style=\"line-height:1.2\"><strong>Khi N\u00e0o B\u1ea1n C\u1ea7n Ch\u00fang T\u00f4i?<\/strong><\/p>\n\n\n\n<div class=\"wp-block-columns is-layout-flex wp-container-core-columns-is-layout-87beb0d0 wp-block-columns-is-layout-flex\">\n<div class=\"wp-block-column is-layout-flow wp-block-column-is-layout-flow\">\n<p class=\"wp-container-content-9cfa9a5a\"><strong>1. \u00c1p L\u1ef1c \u0110\u00e8 N\u1eb7ng L\u00ean Tinh Th\u1ea7n &amp; Th\u1ec3 Ch\u1ea5t:<\/strong><\/p>\n\n\n\n<p class=\"wp-container-content-9cfa9a5a\"><strong>M\u1ec7t m\u1ecfi th\u1ec3 ch\u1ea5t:<\/strong> \u0110au \u0111\u1ea7u, \u0111au d\u1ea1 d\u00e0y, ho\u1eb7c c\u00e1c v\u1ea5n \u0111\u1ec1 s\u1ee9c kh\u1ecfe kh\u00f4ng \u0111\u01b0\u1ee3c gi\u1ea3i th\u00edch r\u00f5 r\u00e0ng b\u1eb1ng y h\u1ecdc.<\/p>\n\n\n\n<p><strong>C\u0103ng th\u1eb3ng, Lo \u00e2u dai d\u1eb3ng:<\/strong> C\u1ea3m gi\u00e1c b\u1ed3n ch\u1ed3n, kh\u00f3 ch\u1ecbu, v\u00e0 b\u1ea5t an k\u00e9o d\u00e0i kh\u00f4ng r\u00f5 nguy\u00ean nh\u00e2n.<\/p>\n\n\n\n<p><strong>M\u1ea5t ng\u1ee7, M\u1ec7t m\u1ecfi:<\/strong> Kh\u00f3 \u0111i v\u00e0o gi\u1ea5c ng\u1ee7, ng\u1ee7 kh\u00f4ng s\u00e2u, ho\u1eb7c c\u1ea3m th\u1ea5y ki\u1ec7t s\u1ee9c d\u00f9 \u0111\u00e3 ngh\u1ec9 ng\u01a1i .<\/p>\n<\/div>\n\n\n\n<div class=\"wp-block-column is-layout-flow wp-block-column-is-layout-flow\">\n<p><strong>2. Th\u1eed Th\u00e1ch T\u1eeb Nh\u1eefng Giai \u0110o\u1ea1n Chuy\u1ec3n Ti\u1ebfp:<\/strong><\/p>\n\n\n\n<p>Cu\u1ed9c s\u1ed1ng lu\u00f4n v\u1eadn \u0111\u1ed9ng, v\u00e0 nh\u1eefng c\u1ed9t m\u1ed1c l\u1edbn c\u00f3 th\u1ec3 g\u00e2y ra s\u1ef1 x\u00e1o tr\u1ed9n c\u1ea3m x\u00fac m\u1ea1nh m\u1ebd:<\/p>\n\n\n\n<ul class=\"wp-block-list\">\n<li><strong>Chuy\u1ec3n \u0111\u1ed5i C\u00f4ng vi\u1ec7c\/Ra tr\u01b0\u1eddng:<\/strong> C\u1ea3m th\u1ea5y l\u1ea1c l\u1ed1i, kh\u00f4ng ch\u1eafc ch\u1eafn v\u1ec1 con \u0111\u01b0\u1eddng s\u1ef1 nghi\u1ec7p ph\u00eda tr\u01b0\u1edbc.<\/li>\n\n\n\n<li><strong>C\u01b0\u1edbi h\u1ecfi &amp; X\u00e2y d\u1ef1ng Gia \u0111\u00ecnh:<\/strong> \u00c1p l\u1ef1c h\u00f2a h\u1ee3p, c\u00e2n b\u1eb1ng vai tr\u00f2 m\u1edbi trong m\u1ed1i quan h\u1ec7.<\/li>\n\n\n\n<li><strong>Sinh con &amp; Nu\u00f4i d\u1ea1y:<\/strong> Tr\u1ea7m c\u1ea3m sau sinh, kh\u1ee7ng ho\u1ea3ng vai tr\u00f2 l\u00e0m cha m\u1eb9, ho\u1eb7c kh\u00f3 kh\u0103n trong vi\u1ec7c c\u00e2n b\u1eb1ng gia \u0111\u00ecnh \u2013 c\u00f4ng vi\u1ec7c.<\/li>\n\n\n\n<li><strong>Ngh\u1ec9 h\u01b0u:<\/strong> C\u1ea3m gi\u00e1c m\u1ea5t m\u00e1t m\u1ee5c \u0111\u00edch s\u1ed1ng, kh\u00f3 kh\u0103n trong vi\u1ec7c th\u00edch nghi v\u1edbi l\u1ed1i s\u1ed1ng m\u1edbi.<\/li>\n\n\n\n<li><strong>M\u1ea5t m\u00e1t, Ly h\u00f4n, T\u00ecnh tr\u1ea1ng tang ch\u1ebf:<\/strong> C\u1ea7n s\u1ef1 h\u1ed7 tr\u1ee3 \u0111\u1ec3 v\u01b0\u1ee3t qua n\u1ed7i \u0111au, s\u1ef1 h\u1ee5t h\u1eabng v\u00e0 h\u1ecdc c\u00e1ch ch\u1eefa l\u00e0nh sau t\u1ed5n th\u01b0\u01a1ng.<\/li>\n<\/ul>\n<\/div>\n<\/div>\n<\/div>\n<\/div>\n<\/div>\n\n\n\n<div class=\"wp-block-group alignfull has-accent-5-background-color has-background has-global-padding is-layout-constrained wp-container-core-group-is-layout-d89aad35 wp-block-group-is-layout-constrained\" style=\"margin-top:0;margin-bottom:0;padding-top:var(--wp--preset--spacing--50);padding-right:var(--wp--preset--spacing--50);padding-bottom:var(--wp--preset--spacing--50);padding-left:var(--wp--preset--spacing--50)\">\n<div class=\"wp-block-columns alignwide is-layout-flex wp-container-core-columns-is-layout-1da03c2a wp-block-columns-is-layout-flex\">\n<div class=\"wp-block-column is-vertically-aligned-center is-layout-flow wp-block-column-is-layout-flow\" style=\"flex-basis:60%\">\n<figure class=\"wp-block-image size-full is-style-rounded wp-duotone-duotone-1 is-style-rounded--2\"><img loading=\"lazy\" decoding=\"async\" width=\"1024\" height=\"1024\" src=\"https:\/\/tamlyhaco.vn\/wp-content\/uploads\/2025\/12\/unnamed-2-2.jpg\" alt=\"\" class=\"wp-image-114\" style=\"aspect-ratio:4\/3;object-fit:cover\" srcset=\"https:\/\/tamlyhaco.vn\/wp-content\/uploads\/2025\/12\/unnamed-2-2.jpg 1024w, https:\/\/tamlyhaco.vn\/wp-content\/uploads\/2025\/12\/unnamed-2-2-300x300.jpg 300w, https:\/\/tamlyhaco.vn\/wp-content\/uploads\/2025\/12\/unnamed-2-2-150x150.jpg 150w, https:\/\/tamlyhaco.vn\/wp-content\/uploads\/2025\/12\/unnamed-2-2-768x768.jpg 768w\" sizes=\"auto, (max-width: 1024px) 100vw, 1024px\" \/><\/figure>\n<\/div>\n\n\n\n<div class=\"wp-block-column is-layout-flow wp-block-column-is-layout-flow\" style=\"flex-basis:40%\">\n<h2 class=\"wp-block-heading has-text-align-center\"><strong>Ch\u00fang T\u00f4i Mang \u0110\u1ebfn \u0110i\u1ec1u G\u00ec?<\/strong><\/h2>\n\n\n\n<ul class=\"wp-block-list\">\n<li><strong>L\u1eafng Nghe S\u00e2u S\u1eafc:<\/strong> M\u1ed9t kh\u00f4ng gian ho\u00e0n to\u00e0n d\u00e0nh ri\u00eang cho b\u1ea1n, n\u01a1i m\u1ecdi c\u00e2u chuy\u1ec7n \u0111\u1ec1u \u0111\u01b0\u1ee3c \u0111\u00f3n nh\u1eadn m\u1ed9t c\u00e1ch ch\u00e2n th\u00e0nh.<\/li>\n\n\n\n<li><strong>\u0110\u1ed3ng H\u00e0nh v\u00e0 \u0110\u1ecbnh h\u01b0\u1edbng:<\/strong> Ch\u00fang t\u00f4i gi\u00fap b\u1ea1n nh\u1eadn di\u1ec7n g\u1ed1c r\u1ec5 v\u1ea5n \u0111\u1ec1, trang b\u1ecb c\u00e1c k\u1ef9 n\u0103ng \u0111\u1ed1i ph\u00f3 (coping skills), v\u00e0 c\u00f9ng b\u1ea1n x\u00e2y d\u1ef1ng c\u00e1c gi\u1ea3i ph\u00e1p thi\u1ebft th\u1ef1c.<\/li>\n\n\n\n<li><strong>B\u1ea3o M\u1eadt Tuy\u1ec7t \u0110\u1ed1i:<\/strong> M\u1ecdi th\u00f4ng tin c\u00e1 nh\u00e2n v\u00e0 n\u1ed9i dung tham v\u1ea5n \u0111\u1ec1u \u0111\u01b0\u1ee3c gi\u1eef k\u00edn theo nguy\u00ean t\u1eafc \u0111\u1ea1o \u0111\u1ee9c ngh\u1ec1 nghi\u1ec7p.<\/li>\n<\/ul>\n<\/div>\n<\/div>\n<\/div>\n\n\n\n<div class=\"wp-block-group alignfull has-global-padding is-layout-constrained wp-container-core-group-is-layout-669513ed wp-block-group-is-layout-constrained\" style=\"margin-top:0;margin-bottom:0;padding-top:var(--wp--preset--spacing--50);padding-right:var(--wp--preset--spacing--50);padding-bottom:var(--wp--preset--spacing--50);padding-left:var(--wp--preset--spacing--50)\">\n<div class=\"wp-block-group is-vertical is-content-justification-center is-layout-flex wp-container-core-group-is-layout-ce155fab wp-block-group-is-layout-flex\">\n<h2 class=\"wp-block-heading has-text-align-center has-xx-large-font-size\"><strong>Li\u00ean h\u1ec7 v\u1edbi ch\u00fang t\u00f4i ngay h\u00f4m nay \u0111\u1ec3 \u0111\u1eb7t l\u1ecbch tham v\u1ea5n!<\/strong><\/h2>\n\n\n\n<p class=\"has-text-align-center\"><strong>&#8220;B\u1ea1n kh\u00f4ng c\u1ea7n ph\u1ea3i t\u1ef1 m\u00ecnh g\u00e1nh v\u00e1c m\u1ecdi chuy\u1ec7n. H\u00e3y \u0111\u1ec3 ch\u00fang t\u00f4i chia s\u1ebb v\u00e0 h\u1ed7 tr\u1ee3 b\u1ea1n. H\u00e3y m\u1ea1nh d\u1ea1n b\u01b0\u1edbc t\u1edbi<\/strong> \u2013 <strong>b\u00ecnh an b\u1eaft \u0111\u1ea7u<\/strong> t\u1eeb <strong>m\u1ed9t bu\u1ed5i chia s\u1ebb<\/strong>\u201d.<\/p>\n<\/div>\n\n\n\n<div style=\"height:var(--wp--preset--spacing--30)\" aria-hidden=\"true\" class=\"wp-block-spacer\"><\/div>\n\n\n\n<div class=\"wp-block-columns alignwide is-layout-flex wp-container-core-columns-is-layout-4935966c wp-block-columns-is-layout-flex\" style=\"padding-right:0;padding-left:0\">\n<div class=\"wp-block-column is-layout-flow wp-block-column-is-layout-flow\">\n<figure class=\"wp-block-image size-full is-style-rounded is-style-rounded--3\"><img loading=\"lazy\" decoding=\"async\" width=\"1024\" height=\"1024\" src=\"https:\/\/tamlyhaco.vn\/wp-content\/uploads\/2025\/12\/unnamed-5-2.jpg\" alt=\"\" class=\"wp-image-117\" style=\"aspect-ratio:1;object-fit:cover\" srcset=\"https:\/\/tamlyhaco.vn\/wp-content\/uploads\/2025\/12\/unnamed-5-2.jpg 1024w, https:\/\/tamlyhaco.vn\/wp-content\/uploads\/2025\/12\/unnamed-5-2-300x300.jpg 300w, https:\/\/tamlyhaco.vn\/wp-content\/uploads\/2025\/12\/unnamed-5-2-150x150.jpg 150w, https:\/\/tamlyhaco.vn\/wp-content\/uploads\/2025\/12\/unnamed-5-2-768x768.jpg 768w\" sizes=\"auto, (max-width: 1024px) 100vw, 1024px\" \/><\/figure>\n<\/div>\n\n\n\n<div class=\"wp-block-column is-layout-flow wp-block-column-is-layout-flow\">\n<figure class=\"wp-block-image size-full is-style-rounded is-style-rounded--4\"><img loading=\"lazy\" decoding=\"async\" width=\"1024\" height=\"1024\" src=\"https:\/\/tamlyhaco.vn\/wp-content\/uploads\/2025\/12\/unnamed-4-2.jpg\" alt=\"\" class=\"wp-image-116\" style=\"aspect-ratio:1;object-fit:cover\" srcset=\"https:\/\/tamlyhaco.vn\/wp-content\/uploads\/2025\/12\/unnamed-4-2.jpg 1024w, https:\/\/tamlyhaco.vn\/wp-content\/uploads\/2025\/12\/unnamed-4-2-300x300.jpg 300w, https:\/\/tamlyhaco.vn\/wp-content\/uploads\/2025\/12\/unnamed-4-2-150x150.jpg 150w, https:\/\/tamlyhaco.vn\/wp-content\/uploads\/2025\/12\/unnamed-4-2-768x768.jpg 768w\" sizes=\"auto, (max-width: 1024px) 100vw, 1024px\" \/><\/figure>\n<\/div>\n\n\n\n<div class=\"wp-block-column is-layout-flow wp-block-column-is-layout-flow\">\n<figure class=\"wp-block-image size-full is-style-rounded is-style-rounded--5\"><img loading=\"lazy\" decoding=\"async\" width=\"1024\" height=\"1024\" src=\"https:\/\/tamlyhaco.vn\/wp-content\/uploads\/2025\/12\/unnamed-7.jpg\" alt=\"\" class=\"wp-image-118\" style=\"aspect-ratio:1;object-fit:cover\" srcset=\"https:\/\/tamlyhaco.vn\/wp-content\/uploads\/2025\/12\/unnamed-7.jpg 1024w, https:\/\/tamlyhaco.vn\/wp-content\/uploads\/2025\/12\/unnamed-7-300x300.jpg 300w, https:\/\/tamlyhaco.vn\/wp-content\/uploads\/2025\/12\/unnamed-7-150x150.jpg 150w, https:\/\/tamlyhaco.vn\/wp-content\/uploads\/2025\/12\/unnamed-7-768x768.jpg 768w\" sizes=\"auto, (max-width: 1024px) 100vw, 1024px\" \/><\/figure>\n<\/div>\n\n\n\n<div class=\"wp-block-column is-layout-flow wp-block-column-is-layout-flow\">\n<figure class=\"wp-block-image size-full is-style-rounded is-style-rounded--6\"><img loading=\"lazy\" decoding=\"async\" width=\"1024\" height=\"1024\" src=\"https:\/\/tamlyhaco.vn\/wp-content\/uploads\/2025\/12\/unnamed-8.jpg\" alt=\"\" class=\"wp-image-119\" style=\"aspect-ratio:1;object-fit:cover\" srcset=\"https:\/\/tamlyhaco.vn\/wp-content\/uploads\/2025\/12\/unnamed-8.jpg 1024w, https:\/\/tamlyhaco.vn\/wp-content\/uploads\/2025\/12\/unnamed-8-300x300.jpg 300w, https:\/\/tamlyhaco.vn\/wp-content\/uploads\/2025\/12\/unnamed-8-150x150.jpg 150w, https:\/\/tamlyhaco.vn\/wp-content\/uploads\/2025\/12\/unnamed-8-768x768.jpg 768w\" sizes=\"auto, (max-width: 1024px) 100vw, 1024px\" \/><\/figure>\n<\/div>\n<\/div>\n<\/div>\n\n\n\n<div class=\"wp-block-group alignfull has-global-padding is-layout-constrained wp-container-core-group-is-layout-d89aad35 wp-block-group-is-layout-constrained\" style=\"margin-top:0;margin-bottom:0;padding-top:var(--wp--preset--spacing--50);padding-right:var(--wp--preset--spacing--50);padding-bottom:var(--wp--preset--spacing--50);padding-left:var(--wp--preset--spacing--50)\">\n<div class=\"wp-block-columns alignwide are-vertically-aligned-center is-layout-flex wp-container-core-columns-is-layout-47c06fe3 wp-block-columns-is-layout-flex\">\n<div class=\"wp-block-column is-vertically-aligned-center is-layout-flow wp-block-column-is-layout-flow\" style=\"flex-basis:50%\">\n<h2 class=\"wp-block-heading has-text-align-center\"><strong>\ud83d\udcde Li\u00ean H\u1ec7 :<\/strong><\/h2>\n\n\n\n<p>C\u00d4NG TY TNHH HACO VN<\/p>\n\n\n\n<p>MST : 0314065086<\/p>\n\n\n\n<p>\u0110C : 48 Hu\u1ef3nh M\u1eabn \u0110\u1ea1t, Ph\u01b0\u1eddng Ch\u1ee3 Qu\u00e1n, TP.HCM<\/p>\n\n\n\n<p>\u0110i\u1ec7n tho\u1ea1i : 0268 6650 6828<\/p>\n\n\n\n<p>Email : tamlyhaco@gmail.com<\/p>\n<\/div>\n<\/div>\n\n\n\n<figure class=\"wp-block-image size-large\"><img loading=\"lazy\" decoding=\"async\" width=\"724\" height=\"1024\" src=\"https:\/\/tamlyhaco.vn\/wp-content\/uploads\/2025\/12\/Poster-0712_2_CONG-TY-TNHH-HACO-VN-724x1024.png\" alt=\"\" class=\"wp-image-283\" srcset=\"https:\/\/tamlyhaco.vn\/wp-content\/uploads\/2025\/12\/Poster-0712_2_CONG-TY-TNHH-HACO-VN-724x1024.png 724w, https:\/\/tamlyhaco.vn\/wp-content\/uploads\/2025\/12\/Poster-0712_2_CONG-TY-TNHH-HACO-VN-212x300.png 212w, https:\/\/tamlyhaco.vn\/wp-content\/uploads\/2025\/12\/Poster-0712_2_CONG-TY-TNHH-HACO-VN-768x1086.png 768w, https:\/\/tamlyhaco.vn\/wp-content\/uploads\/2025\/12\/Poster-0712_2_CONG-TY-TNHH-HACO-VN-1086x1536.png 1086w, https:\/\/tamlyhaco.vn\/wp-content\/uploads\/2025\/12\/Poster-0712_2_CONG-TY-TNHH-HACO-VN-1448x2048.png 1448w, https:\/\/tamlyhaco.vn\/wp-content\/uploads\/2025\/12\/Poster-0712_2_CONG-TY-TNHH-HACO-VN.png 1587w\" sizes=\"auto, (max-width: 724px) 100vw, 724px\" \/><\/figure>\n<\/div>\n\n\n\n<p><\/p>\n","protected":false},"excerpt":{"rendered":"<p>Trong cu\u1ed9c \u0111\u1eddi, kh\u00f4ng ai b\u01b0\u1edbc \u0111i m\u00e0 ch\u01b0a t\u1eebng mang theo nh\u1eefng v\u1ebft tr\u1ea7y x\u01b0\u1edbc c\u1ee7a c\u1ea3m x\u00fac. C\u00f3 nh\u1eefng t\u1ed5n th\u01b0\u01a1ng \u0111\u1ebfn r\u1ea5t kh\u1ebd, ch\u1ec9 tho\u00e1ng qua nh\u01b0ng v\u1eabn \u0111\u1ec3 l\u1ea1i d\u01b0 \u00e2m. V\u00e0 c\u0169ng c\u00f3 nh\u1eefng t\u1ed5n th\u01b0\u01a1ng s\u00e2u \u0111\u1ebfn m\u1ee9c khi\u1ebfn ta thu m\u00ecnh l\u1ea1i, kh\u00f4ng d\u00e1m m\u1edf l\u00f2ng, kh\u00f4ng d\u00e1m [&hellip;]<\/p>\n","protected":false},"author":1,"featured_media":126,"parent":0,"menu_order":0,"comment_status":"closed","ping_status":"closed","template":"","meta":{"footnotes":""},"class_list":["post-113","page","type-page","status-publish","has-post-thumbnail","hentry"],"_links":{"self":[{"href":"https:\/\/tamlyhaco.vn\/index.php\/wp-json\/wp\/v2\/pages\/113","targetHints":{"allow":["GET"]}}],"collection":[{"href":"https:\/\/tamlyhaco.vn\/index.php\/wp-json\/wp\/v2\/pages"}],"about":[{"href":"https:\/\/tamlyhaco.vn\/index.php\/wp-json\/wp\/v2\/types\/page"}],"author":[{"embeddable":true,"href":"https:\/\/tamlyhaco.vn\/index.php\/wp-json\/wp\/v2\/users\/1"}],"replies":[{"embeddable":true,"href":"https:\/\/tamlyhaco.vn\/index.php\/wp-json\/wp\/v2\/comments?post=113"}],"version-history":[{"count":12,"href":"https:\/\/tamlyhaco.vn\/index.php\/wp-json\/wp\/v2\/pages\/113\/revisions"}],"predecessor-version":[{"id":339,"href":"https:\/\/tamlyhaco.vn\/index.php\/wp-json\/wp\/v2\/pages\/113\/revisions\/339"}],"wp:featuredmedia":[{"embeddable":true,"href":"https:\/\/tamlyhaco.vn\/index.php\/wp-json\/wp\/v2\/media\/126"}],"wp:attachment":[{"href":"https:\/\/tamlyhaco.vn\/index.php\/wp-json\/wp\/v2\/media?parent=113"}],"curies":[{"name":"wp","href":"https:\/\/api.w.org\/{rel}","templated":true}]}}