{"id":2,"date":"2025-11-17T08:46:12","date_gmt":"2025-11-17T08:46:12","guid":{"rendered":"https:\/\/tamlyhaco.vn\/?page_id=2"},"modified":"2025-12-11T06:47:44","modified_gmt":"2025-12-11T06:47:44","slug":"trang-mau","status":"publish","type":"page","link":"https:\/\/tamlyhaco.vn\/index.php\/trang-mau\/","title":{"rendered":"Gi\u1edbi thi\u1ec7u V\u0103n ph\u00f2ng t\u00e2m l\u00fd Haco"},"content":{"rendered":"\n<p class=\"has-text-color has-link-color wp-elements-ec5e8e5e1fed1c86b227cd9dc5ceba2b\" style=\"color:#b05ab1\"><strong>HACO \u2013 N\u01a1i c\u00e2u chuy\u1ec7n c\u1ee7a b\u1ea1n \u0111\u01b0\u1ee3c l\u1eafng nghe, kh\u00f4ng ph\u00e1n x\u00e9t<\/strong><\/p>\n\n\n\n<p>Cu\u1ed9c \u0111\u1eddi m\u1ed7i ch\u00fang ta t\u1ef1a m\u1ed9t v\u00f2ng tr\u00f2n kh\u00e9p k\u00edn\u2013 \u0111\u00f3 l\u00e0 h\u00e0nh tr\u00ecnh <strong>sinh, l\u00e3o, b\u1ec7nh, t\u1eed<\/strong>, n\u01a1i h\u1ea1nh ph\u00fac v\u00e0 \u0111au kh\u1ed5 lu\u00f4n \u0111an xen.<\/p>\n\n\n\n<p>D\u1eabu b\u00f3ng t\u1ed1i c\u00f3 ph\u1ee7 k\u00edn \u0111\u1ebfn \u0111\u00e2u, trong ch\u00fang ta v\u1eabn lu\u00f4n t\u1ed3n t\u1ea1i m\u1ed9t h\u1ea1t gi\u1ed1ng hy v\u1ecdng. Ch\u1ec9 c\u1ea7n \u0111\u01b0\u1ee3c nu\u00f4i d\u01b0\u1ee1ng, n\u00f3 s\u1ebd l\u1ea1i h\u01b0\u1edbng v\u1ec1 \u00e1nh s\u00e1ng, gi\u1ed1ng nh\u01b0 <strong>\u0111\u00f3a h\u01b0\u1edbng d\u01b0\u01a1ng ki\u00eau h\u00e3nh<\/strong> lu\u00f4n h\u01b0\u1edbng v\u1ec1 ph\u00eda m\u1eb7t tr\u1eddi.<\/p>\n\n\n\n<p><strong>V\u0103n ph\u00f2ng T\u00e2m l\u00fd HACO<\/strong> hy v\u1ecdng s\u1ebd l\u00e0 kh\u00f4ng gian h\u1ed7 tr\u1ee3 t\u00e2m l\u00fd an to\u00e0n v\u00e0 tin c\u1eady, n\u01a1i m\u1ed7i c\u00e1 nh\u00e2n \u0111\u01b0\u1ee3c th\u1ea5u hi\u1ec3u, s\u1ebb chia v\u00e0 t\u00ecm l\u1ea1i s\u1ef1 c\u00e2n b\u1eb1ng trong cu\u1ed9c s\u1ed1ng. V\u1edbi \u0111\u1ecbnh h\u01b0\u1edbng t\u1eadp trung v\u00e0o tham v\u1ea5n t\u00e2m l\u00fd v\u00e0 n\u00e2ng cao s\u1ee9c kh\u1ecfe tinh th\u1ea7n, gi\u00fap th\u00e2n ch\u1ee7 nh\u1eadn di\u1ec7n v\u1ea5n \u0111\u1ec1, ph\u00e1t huy n\u1ed9i l\u1ef1c v\u00e0 ch\u1ee7 \u0111\u1ed9ng chuy\u1ec3n h\u00f3a c\u1ea3m x\u00fac.<\/p>\n\n\n\n<p>X\u00e3 h\u1ed9i c\u00e0ng ti\u1ebfn b\u1ed9, \u00e1p l\u1ef1c v\u00f4 h\u00ecnh c\u00e0ng l\u1edbn: c\u0103ng th\u1eb3ng, lo \u00e2u, m\u1ea5t ng\u1ee7, c\u00f4 \u0111\u01a1n, n\u1ed7i lo cu\u1ed1i \u0111\u1eddi, hay b\u1ed1i r\u1ed1i khi con ch\u1eadm ph\u00e1t tri\u1ec3n.<\/p>\n\n\n\n<p><strong>Tham v\u1ea5n t\u00e2m l\u00fd<\/strong> gi\u00fap b\u1ea1n nh\u1eadn di\u1ec7n c\u1ea3m x\u00fac, ch\u1ea5p nh\u1eadn ch\u00ednh m\u00ecnh v\u00e0 t\u1eebng b\u01b0\u1edbc <strong>t\u00ecm l\u1ea1i s\u1ef1 c\u00e2n b\u1eb1ng sau t\u1ed5n th\u01b0\u01a1ng<\/strong>.<\/p>\n\n\n\n<p><strong>Chuy\u00ean \u0111\u1ec1 ph\u00f2ng ng\u1eeba<\/strong> \u2013 nh\u01b0 li\u1ec1u <strong>\u201cv\u1eafc-xin tinh th\u1ea7n\u201d<\/strong> cho <strong>c\u00e1 nh\u00e2n &amp; doanh nghi\u1ec7p<\/strong>.<\/p>\n\n\n\n<p>D\u00f9 t\u1ea1i <strong>HACO<\/strong> hay c\u00e1c v\u0103n ph\u00f2ng t\u00e2m l\u00fd uy t\u00edn \u2013 ch\u00fang t\u00f4i lu\u00f4n <strong>l\u1eafng nghe t\u00edch c\u1ef1c<\/strong>, \u0111\u1ed3ng h\u00e0nh gi\u00fap b\u1ea1n <strong>v\u1eefng v\u00e0ng n\u1ed9i t\u00e2m<\/strong>.<\/p>\n\n\n\n<p><strong>HACO \u2013 l\u00e0 n\u01a1i l\u1eafng nghe v\u00e0 \u0111\u1ed3ng h\u00e0nh c\u00f9ng b\u1ea1n. H\u00e3y m\u1ea1nh d\u1ea1n b\u01b0\u1edbc t\u1edbi \u2013 B\u00ecnh an c\u00f3 th\u1ec3 b\u1eaft \u0111\u1ea7u t\u1eeb m\u1ed9t bu\u1ed5i chia s\u1ebb<\/strong>.<\/p>\n\n\n\n<p>T\u1ea1i Vp T\u00e2m l\u00fd Haco ch\u1ec9 <em>Tham v\u1ea5n t\u00e2m l\u00fd &#8211; kh\u00f4ng ch\u1ea9n \u0111o\u00e1n, kh\u00f4ng tr\u1ecb li\u1ec7u, kh\u00f4ng can thi\u1ec7p y khoa<\/em>.<\/p>\n\n\n\n<p><em>T\u1ea5t c\u1ea3 nh\u00e2n s\u1ef1 t\u1ea1i V\u0103n Ph\u00f2ng t\u00e2m l\u00fd Haco \u0111\u1ec1u t\u1ed1t nghi\u1ec7p chuy\u00ean ng\u00e0nh T\u00e2m l\u00fd h\u1ecdc.<\/em><\/p>\n\n\n\n<figure class=\"wp-block-image size-large\"><img loading=\"lazy\" decoding=\"async\" width=\"1024\" height=\"768\" src=\"https:\/\/tamlyhaco.vn\/wp-content\/uploads\/2025\/12\/IMG_20251211_133146-1024x768.jpg\" alt=\"\" class=\"wp-image-331\" srcset=\"https:\/\/tamlyhaco.vn\/wp-content\/uploads\/2025\/12\/IMG_20251211_133146-1024x768.jpg 1024w, https:\/\/tamlyhaco.vn\/wp-content\/uploads\/2025\/12\/IMG_20251211_133146-300x225.jpg 300w, https:\/\/tamlyhaco.vn\/wp-content\/uploads\/2025\/12\/IMG_20251211_133146-768x576.jpg 768w, https:\/\/tamlyhaco.vn\/wp-content\/uploads\/2025\/12\/IMG_20251211_133146.jpg 1280w\" sizes=\"auto, (max-width: 1024px) 100vw, 1024px\" \/><\/figure>\n\n\n\n<figure class=\"wp-block-image size-large\"><img loading=\"lazy\" decoding=\"async\" width=\"1024\" height=\"768\" src=\"https:\/\/tamlyhaco.vn\/wp-content\/uploads\/2025\/12\/z7247730607121_63bb222114ab351cdecc26545e18c6b0-1-1024x768.jpg\" alt=\"\" class=\"wp-image-190\" srcset=\"https:\/\/tamlyhaco.vn\/wp-content\/uploads\/2025\/12\/z7247730607121_63bb222114ab351cdecc26545e18c6b0-1-1024x768.jpg 1024w, https:\/\/tamlyhaco.vn\/wp-content\/uploads\/2025\/12\/z7247730607121_63bb222114ab351cdecc26545e18c6b0-1-300x225.jpg 300w, https:\/\/tamlyhaco.vn\/wp-content\/uploads\/2025\/12\/z7247730607121_63bb222114ab351cdecc26545e18c6b0-1-768x576.jpg 768w, https:\/\/tamlyhaco.vn\/wp-content\/uploads\/2025\/12\/z7247730607121_63bb222114ab351cdecc26545e18c6b0-1.jpg 1280w\" sizes=\"auto, (max-width: 1024px) 100vw, 1024px\" \/><\/figure>\n\n\n\n<figure class=\"wp-block-image size-large\"><img loading=\"lazy\" decoding=\"async\" width=\"768\" height=\"1024\" src=\"https:\/\/tamlyhaco.vn\/wp-content\/uploads\/2025\/12\/IMG_20251211_133150-768x1024.jpg\" alt=\"\" class=\"wp-image-333\" srcset=\"https:\/\/tamlyhaco.vn\/wp-content\/uploads\/2025\/12\/IMG_20251211_133150-768x1024.jpg 768w, https:\/\/tamlyhaco.vn\/wp-content\/uploads\/2025\/12\/IMG_20251211_133150-225x300.jpg 225w, https:\/\/tamlyhaco.vn\/wp-content\/uploads\/2025\/12\/IMG_20251211_133150.jpg 960w\" sizes=\"auto, (max-width: 768px) 100vw, 768px\" \/><\/figure>\n\n\n\n<figure class=\"wp-block-image size-large\"><img loading=\"lazy\" decoding=\"async\" width=\"768\" height=\"1024\" src=\"https:\/\/tamlyhaco.vn\/wp-content\/uploads\/2025\/12\/IMG_20251211_133156-768x1024.jpg\" alt=\"\" class=\"wp-image-334\" srcset=\"https:\/\/tamlyhaco.vn\/wp-content\/uploads\/2025\/12\/IMG_20251211_133156-768x1024.jpg 768w, https:\/\/tamlyhaco.vn\/wp-content\/uploads\/2025\/12\/IMG_20251211_133156-225x300.jpg 225w, https:\/\/tamlyhaco.vn\/wp-content\/uploads\/2025\/12\/IMG_20251211_133156.jpg 960w\" sizes=\"auto, (max-width: 768px) 100vw, 768px\" \/><\/figure>\n\n\n\n<figure class=\"wp-block-image size-large\"><img loading=\"lazy\" decoding=\"async\" width=\"1024\" height=\"768\" src=\"https:\/\/tamlyhaco.vn\/wp-content\/uploads\/2025\/12\/IMG_20251211_133143-1024x768.jpg\" alt=\"\" class=\"wp-image-332\" srcset=\"https:\/\/tamlyhaco.vn\/wp-content\/uploads\/2025\/12\/IMG_20251211_133143-1024x768.jpg 1024w, https:\/\/tamlyhaco.vn\/wp-content\/uploads\/2025\/12\/IMG_20251211_133143-300x225.jpg 300w, https:\/\/tamlyhaco.vn\/wp-content\/uploads\/2025\/12\/IMG_20251211_133143-768x576.jpg 768w, https:\/\/tamlyhaco.vn\/wp-content\/uploads\/2025\/12\/IMG_20251211_133143.jpg 1280w\" sizes=\"auto, (max-width: 1024px) 100vw, 1024px\" \/><\/figure>\n\n\n\n<figure class=\"wp-block-image size-large\"><img loading=\"lazy\" decoding=\"async\" width=\"724\" height=\"1024\" src=\"https:\/\/tamlyhaco.vn\/wp-content\/uploads\/2025\/12\/Poster-0712_2_CONG-TY-TNHH-HACO-VN-724x1024.png\" alt=\"\" class=\"wp-image-283\" srcset=\"https:\/\/tamlyhaco.vn\/wp-content\/uploads\/2025\/12\/Poster-0712_2_CONG-TY-TNHH-HACO-VN-724x1024.png 724w, https:\/\/tamlyhaco.vn\/wp-content\/uploads\/2025\/12\/Poster-0712_2_CONG-TY-TNHH-HACO-VN-212x300.png 212w, https:\/\/tamlyhaco.vn\/wp-content\/uploads\/2025\/12\/Poster-0712_2_CONG-TY-TNHH-HACO-VN-768x1086.png 768w, https:\/\/tamlyhaco.vn\/wp-content\/uploads\/2025\/12\/Poster-0712_2_CONG-TY-TNHH-HACO-VN-1086x1536.png 1086w, https:\/\/tamlyhaco.vn\/wp-content\/uploads\/2025\/12\/Poster-0712_2_CONG-TY-TNHH-HACO-VN-1448x2048.png 1448w, https:\/\/tamlyhaco.vn\/wp-content\/uploads\/2025\/12\/Poster-0712_2_CONG-TY-TNHH-HACO-VN.png 1587w\" sizes=\"auto, (max-width: 724px) 100vw, 724px\" \/><\/figure>\n\n\n\n<p><\/p>\n","protected":false},"excerpt":{"rendered":"<p>HACO \u2013 N\u01a1i c\u00e2u chuy\u1ec7n c\u1ee7a b\u1ea1n \u0111\u01b0\u1ee3c l\u1eafng nghe, kh\u00f4ng ph\u00e1n x\u00e9t Cu\u1ed9c \u0111\u1eddi m\u1ed7i ch\u00fang ta t\u1ef1a m\u1ed9t v\u00f2ng tr\u00f2n kh\u00e9p k\u00edn\u2013 \u0111\u00f3 l\u00e0 h\u00e0nh tr\u00ecnh sinh, l\u00e3o, b\u1ec7nh, t\u1eed, n\u01a1i h\u1ea1nh ph\u00fac v\u00e0 \u0111au kh\u1ed5 lu\u00f4n \u0111an xen. D\u1eabu b\u00f3ng t\u1ed1i c\u00f3 ph\u1ee7 k\u00edn \u0111\u1ebfn \u0111\u00e2u, trong ch\u00fang ta v\u1eabn lu\u00f4n t\u1ed3n [&hellip;]<\/p>\n","protected":false},"author":1,"featured_media":29,"parent":0,"menu_order":0,"comment_status":"closed","ping_status":"open","template":"","meta":{"footnotes":""},"class_list":["post-2","page","type-page","status-publish","has-post-thumbnail","hentry"],"_links":{"self":[{"href":"https:\/\/tamlyhaco.vn\/index.php\/wp-json\/wp\/v2\/pages\/2","targetHints":{"allow":["GET"]}}],"collection":[{"href":"https:\/\/tamlyhaco.vn\/index.php\/wp-json\/wp\/v2\/pages"}],"about":[{"href":"https:\/\/tamlyhaco.vn\/index.php\/wp-json\/wp\/v2\/types\/page"}],"author":[{"embeddable":true,"href":"https:\/\/tamlyhaco.vn\/index.php\/wp-json\/wp\/v2\/users\/1"}],"replies":[{"embeddable":true,"href":"https:\/\/tamlyhaco.vn\/index.php\/wp-json\/wp\/v2\/comments?post=2"}],"version-history":[{"count":26,"href":"https:\/\/tamlyhaco.vn\/index.php\/wp-json\/wp\/v2\/pages\/2\/revisions"}],"predecessor-version":[{"id":336,"href":"https:\/\/tamlyhaco.vn\/index.php\/wp-json\/wp\/v2\/pages\/2\/revisions\/336"}],"wp:featuredmedia":[{"embeddable":true,"href":"https:\/\/tamlyhaco.vn\/index.php\/wp-json\/wp\/v2\/media\/29"}],"wp:attachment":[{"href":"https:\/\/tamlyhaco.vn\/index.php\/wp-json\/wp\/v2\/media?parent=2"}],"curies":[{"name":"wp","href":"https:\/\/api.w.org\/{rel}","templated":true}]}}