{"id":218,"date":"2025-12-05T10:06:58","date_gmt":"2025-12-05T10:06:58","guid":{"rendered":"https:\/\/tamlyhaco.vn\/?page_id=218"},"modified":"2025-12-06T09:00:11","modified_gmt":"2025-12-06T09:00:11","slug":"tham-van-hoc-duong","status":"publish","type":"page","link":"https:\/\/tamlyhaco.vn\/index.php\/tham-van-hoc-duong\/","title":{"rendered":"THAM V\u1ea4N H\u1eccC \u0110\u01af\u1edcNG"},"content":{"rendered":"\n<div class=\"wp-block-group alignfull has-accent-background-color has-background has-global-padding is-layout-constrained wp-container-core-group-is-layout-669513ed wp-block-group-is-layout-constrained\" style=\"margin-top:0;margin-bottom:0;padding-top:var(--wp--preset--spacing--50);padding-right:var(--wp--preset--spacing--50);padding-bottom:var(--wp--preset--spacing--50);padding-left:var(--wp--preset--spacing--50)\">\n<div class=\"wp-block-columns alignwide is-layout-flex wp-container-core-columns-is-layout-1da03c2a wp-block-columns-is-layout-flex\">\n<div class=\"wp-block-column is-vertically-aligned-stretch is-layout-flow wp-block-column-is-layout-flow\" style=\"flex-basis:50%\">\n<div class=\"wp-block-group is-vertical is-content-justification-stretch is-layout-flex wp-container-core-group-is-layout-444d5ee8 wp-block-group-is-layout-flex\" style=\"min-height:100%\">\n<p class=\"has-heading-font-family has-x-large-font-size\" style=\"line-height:1.2\">Tham v\u1ea5n h\u1ecdc \u0111\u01b0\u1eddng l\u00e0 qu\u00e1 tr\u00ecnh h\u1ed7 tr\u1ee3 t\u00e2m l\u00fd chuy\u00ean nghi\u1ec7p d\u00e0nh cho h\u1ecdc sinh t\u1ea1i tr\u01b0\u1eddng h\u1ecdc. Th\u00f4ng qua \u0111\u00f3, h\u1ecdc sinh \u0111\u01b0\u1ee3c l\u1eafng nghe, th\u1ea5u hi\u1ec3u v\u00e0 \u0111\u1ed3ng h\u00e0nh trong vi\u1ec7c gi\u1ea3i quy\u1ebft nh\u1eefng kh\u00f3 kh\u0103n t\u00e2m l\u00fd, h\u00e0nh vi, c\u1ea3m x\u00fac v\u00e0 h\u1ecdc t\u1eadp.<\/p>\n\n\n\n<div class=\"wp-block-group has-global-padding is-content-justification-left is-layout-constrained wp-container-core-group-is-layout-9fe8ed88 wp-block-group-is-layout-constrained\">\n<p class=\"wp-container-content-0733e5d0\"><\/p>\n<\/div>\n<\/div>\n<\/div>\n\n\n\n<div class=\"wp-block-column is-vertically-aligned-center is-layout-flow wp-block-column-is-layout-flow\" style=\"flex-basis:50%\">\n<figure class=\"wp-block-image size-full is-style-rounded is-style-rounded--1\"><img loading=\"lazy\" decoding=\"async\" width=\"1024\" height=\"1024\" src=\"https:\/\/tamlyhaco.vn\/wp-content\/uploads\/2025\/12\/unnamed-1-6.jpg\" alt=\"\" class=\"wp-image-221\" style=\"aspect-ratio:3\/4;object-fit:cover\" srcset=\"https:\/\/tamlyhaco.vn\/wp-content\/uploads\/2025\/12\/unnamed-1-6.jpg 1024w, https:\/\/tamlyhaco.vn\/wp-content\/uploads\/2025\/12\/unnamed-1-6-300x300.jpg 300w, https:\/\/tamlyhaco.vn\/wp-content\/uploads\/2025\/12\/unnamed-1-6-150x150.jpg 150w, https:\/\/tamlyhaco.vn\/wp-content\/uploads\/2025\/12\/unnamed-1-6-768x768.jpg 768w\" sizes=\"auto, (max-width: 1024px) 100vw, 1024px\" \/><\/figure>\n<\/div>\n<\/div>\n<\/div>\n\n\n\n<div class=\"wp-block-group alignfull has-base-background-color has-background has-global-padding is-layout-constrained wp-container-core-group-is-layout-d89aad35 wp-block-group-is-layout-constrained\" style=\"margin-top:0;margin-bottom:0;padding-top:var(--wp--preset--spacing--50);padding-right:var(--wp--preset--spacing--50);padding-bottom:var(--wp--preset--spacing--50);padding-left:var(--wp--preset--spacing--50)\">\n<div class=\"wp-block-columns alignwide is-layout-flex wp-container-core-columns-is-layout-549b0c86 wp-block-columns-is-layout-flex\">\n<div class=\"wp-block-column has-global-padding is-content-justification-left is-layout-constrained wp-container-core-column-is-layout-4f15e8fe wp-block-column-is-layout-constrained\" style=\"flex-basis:40%\">\n<p><strong>H\u1ed7 tr\u1ee3 s\u1ee9c kh\u1ecfe tinh th\u1ea7n cho h\u1ecdc sinh. <\/strong>H\u1ecdc sinh c\u00f3 th\u1ec3 g\u1eb7p c\u0103ng th\u1eb3ng, lo \u00e2u, tr\u1ea7m c\u1ea3m, \u00e1p l\u1ef1c h\u1ecdc t\u1eadp ho\u1eb7c xung \u0111\u1ed9t v\u1edbi b\u1ea1n b\u00e8, gia \u0111\u00ecnh. Tham v\u1ea5n h\u1ecdc \u0111\u01b0\u1eddng gi\u00fap c\u00e1c em c\u00f3 n\u01a1i an to\u00e0n \u0111\u1ec3 chia s\u1ebb v\u00e0 nh\u1eadn h\u1ed7 tr\u1ee3 k\u1ecbp th\u1eddi..<\/p>\n<\/div>\n\n\n\n<div class=\"wp-block-column is-layout-flow wp-container-core-column-is-layout-119bc444 wp-block-column-is-layout-flow\" style=\"flex-basis:60%\">\n<p class=\"has-heading-font-family has-x-large-font-size\" style=\"line-height:1.2\"><strong>Ph\u00e1t hi\u1ec7n s\u1edbm v\u00e0 can thi\u1ec7p k\u1ecbp th\u1eddi. &nbsp;<\/strong>Nhi\u1ec1u v\u1ea5n \u0111\u1ec1 t\u00e2m l\u00fd n\u1ebfu \u0111\u01b0\u1ee3c ph\u00e1t hi\u1ec7n s\u1edbm (v\u00ed d\u1ee5: t\u1ef1 ti, h\u00e0nh vi g\u00e2y r\u1ed1i, \u00fd ngh\u0129 ti\u00eau c\u1ef1c\u2026) s\u1ebd \u0111\u01b0\u1ee3c can thi\u1ec7p hi\u1ec7u qu\u1ea3, tr\u00e1nh di\u1ec5n bi\u1ebfn ph\u1ee9c t\u1ea1p.<\/p>\n\n\n\n<div class=\"wp-block-columns is-layout-flex wp-container-core-columns-is-layout-87beb0d0 wp-block-columns-is-layout-flex\">\n<div class=\"wp-block-column is-layout-flow wp-block-column-is-layout-flow\">\n<p class=\"wp-container-content-9cfa9a5a\">Tham v\u1ea5n h\u1ecdc \u0111\u01b0\u1eddng gi\u00fap h\u1ecdc sinh ph\u00e1t tri\u1ec3n k\u1ef9 n\u0103ng:<\/p>\n\n\n\n<p class=\"wp-container-content-9cfa9a5a\">T\u1ef1 nh\u1eadn th\u1ee9c v\u00e0 ra quy\u1ebft \u0111\u1ecbnh<\/p>\n\n\n\n<p>Qu\u1ea3n l\u00fd c\u1ea3m x\u00fac<\/p>\n\n\n\n<p>Gi\u1ea3i quy\u1ebft xung \u0111\u1ed9t<\/p>\n\n\n\n<p>Giao ti\u1ebfp l\u00e0nh m\u1ea1nh<\/p>\n\n\n\n<p>K\u1ef9 n\u0103ng h\u1ecdc t\u1eadp hi\u1ec7u qu\u1ea3<\/p>\n<\/div>\n\n\n\n<div class=\"wp-block-column is-layout-flow wp-block-column-is-layout-flow\">\n<p>C\u1ea7u n\u1ed1i gi\u1eefa nh\u00e0 tr\u01b0\u1eddng \u2013 gia \u0111\u00ecnh \u2013 h\u1ecdc sinh. Nh\u00e0 tham v\u1ea5n cung c\u1ea5p th\u00f4ng tin, ph\u1ed1i h\u1ee3p v\u1edbi gi\u00e1o vi\u00ean v\u00e0 ph\u1ee5 huynh \u0111\u1ec3 h\u1ed7 tr\u1ee3 to\u00e0n di\u1ec7n, \u0111\u1ea3m b\u1ea3o s\u1ef1 ph\u00e1t tri\u1ec3n h\u00e0i h\u00f2a c\u1ee7a h\u1ecdc sinh.<\/p>\n<\/div>\n<\/div>\n<\/div>\n<\/div>\n<\/div>\n\n\n\n<div class=\"wp-block-group alignfull has-accent-5-background-color has-background has-global-padding is-layout-constrained wp-container-core-group-is-layout-d89aad35 wp-block-group-is-layout-constrained\" style=\"margin-top:0;margin-bottom:0;padding-top:var(--wp--preset--spacing--50);padding-right:var(--wp--preset--spacing--50);padding-bottom:var(--wp--preset--spacing--50);padding-left:var(--wp--preset--spacing--50)\">\n<div class=\"wp-block-columns alignwide is-layout-flex wp-container-core-columns-is-layout-1da03c2a wp-block-columns-is-layout-flex\">\n<div class=\"wp-block-column is-vertically-aligned-center is-layout-flow wp-block-column-is-layout-flow\" style=\"flex-basis:60%\">\n<figure class=\"wp-block-image size-full is-style-rounded wp-duotone-duotone-1 is-style-rounded--2\"><img loading=\"lazy\" decoding=\"async\" width=\"1536\" height=\"1024\" src=\"https:\/\/tamlyhaco.vn\/wp-content\/uploads\/2025\/12\/c547787d-77f6-4609-9c30-0c8091b39d7d.png\" alt=\"\" class=\"wp-image-219\" style=\"aspect-ratio:4\/3;object-fit:cover\" srcset=\"https:\/\/tamlyhaco.vn\/wp-content\/uploads\/2025\/12\/c547787d-77f6-4609-9c30-0c8091b39d7d.png 1536w, https:\/\/tamlyhaco.vn\/wp-content\/uploads\/2025\/12\/c547787d-77f6-4609-9c30-0c8091b39d7d-300x200.png 300w, https:\/\/tamlyhaco.vn\/wp-content\/uploads\/2025\/12\/c547787d-77f6-4609-9c30-0c8091b39d7d-1024x683.png 1024w, https:\/\/tamlyhaco.vn\/wp-content\/uploads\/2025\/12\/c547787d-77f6-4609-9c30-0c8091b39d7d-768x512.png 768w\" sizes=\"auto, (max-width: 1536px) 100vw, 1536px\" \/><\/figure>\n<\/div>\n\n\n\n<div class=\"wp-block-column is-layout-flow wp-block-column-is-layout-flow\" style=\"flex-basis:40%\">\n<h2 class=\"wp-block-heading\"><strong>Nh\u1eefng v\u1ea5n \u0111\u1ec1 h\u1ecdc sinh th\u01b0\u1eddng g\u1eb7p c\u1ea7n \u0111\u01b0\u1ee3c tham v\u1ea5n<\/strong><\/h2>\n\n\n\n<p>S\u1ed1c t\u00e2m l\u00fd sau s\u1ef1 ki\u1ec7n ti\u00eau c\u1ef1c<\/p>\n\n\n\n<p>\u00c1p l\u1ef1c h\u1ecdc t\u1eadp v\u00e0 k\u1ef3 v\u1ecdng t\u1eeb gia \u0111\u00ecnh<\/p>\n\n\n\n<p>M\u00e2u thu\u1eabn v\u1edbi b\u1ea1n b\u00e8, b\u1eaft n\u1ea1t h\u1ecdc \u0111\u01b0\u1eddng<\/p>\n\n\n\n<p>Kh\u00f3 kh\u0103n trong giao ti\u1ebfp, t\u1ef1 ti, thu m\u00ecnh<\/p>\n\n\n\n<p>R\u1ed1i lo\u1ea1n c\u1ea3m x\u00fac (bu\u1ed3n b\u00e3 k\u00e9o d\u00e0i, stress, lo \u00e2u\u2026)<\/p>\n\n\n\n<p>Kh\u00f3 kh\u0103n trong \u0111\u1ecbnh h\u01b0\u1edbng ngh\u1ec1 nghi\u1ec7p<\/p>\n\n\n\n<p>Nh\u1eefng thay \u0111\u1ed5i t\u00e2m sinh l\u00fd tu\u1ed5i d\u1eady th\u00ec<\/p>\n<\/div>\n<\/div>\n<\/div>\n\n\n\n<div class=\"wp-block-group alignfull has-global-padding is-layout-constrained wp-container-core-group-is-layout-669513ed wp-block-group-is-layout-constrained\" style=\"margin-top:0;margin-bottom:0;padding-top:var(--wp--preset--spacing--50);padding-right:var(--wp--preset--spacing--50);padding-bottom:var(--wp--preset--spacing--50);padding-left:var(--wp--preset--spacing--50)\">\n<div class=\"wp-block-group is-vertical is-content-justification-center is-layout-flex wp-container-core-group-is-layout-ce155fab wp-block-group-is-layout-flex\">\n<h2 class=\"wp-block-heading has-text-align-center has-xx-large-font-size\">K\u1ebft N\u1ed1i \u0110\u1ec3 \u0110\u01b0\u1ee3c Gi\u00fap \u0110\u1ee1<\/h2>\n\n\n\n<p class=\"has-text-align-center\">Tham v\u1ea5n h\u1ecdc \u0111\u01b0\u1eddng l\u00e0 c\u1ea7u n\u1ed1i quan tr\u1ecdng gi\u1eefa h\u1ecdc sinh, gia \u0111\u00ecnh v\u00e0 nh\u00e0 tr\u01b0\u1eddng. \u0110\u1eebng ng\u1ea7n ng\u1ea1i khuy\u1ebfn kh\u00edch con em ho\u1eb7c ch\u00ednh b\u1ea3n th\u00e2n c\u00e1c em t\u00ecm \u0111\u1ebfn d\u1ecbch v\u1ee5 tham v\u1ea5n h\u1ecdc \u0111\u01b0\u1eddng khi c\u1ea7n. Vi\u1ec7c t\u00ecm ki\u1ebfm s\u1ef1 h\u1ed7 tr\u1ee3 t\u00e2m l\u00fd l\u00e0 m\u1ed9t h\u00e0nh \u0111\u1ed9ng <strong>m\u1ea1nh m\u1ebd<\/strong> v\u00e0 <strong>ch\u1ee7 \u0111\u1ed9ng<\/strong>, th\u1ec3 hi\u1ec7n s\u1ef1 quan t\u00e2m \u0111\u1ebfn s\u1ee9c kh\u1ecfe tinh th\u1ea7n v\u00e0 s\u1ef1 ph\u00e1t tri\u1ec3n c\u00e1 nh\u00e2n.<\/p>\n\n\n\n<p>Ch\u00fang t\u00f4i lu\u00f4n s\u1eb5n s\u00e0ng h\u1ed7 tr\u1ee3 nh\u00e0 tr\u01b0\u1eddng, ph\u1ee5 huynh v\u00e0 h\u1ecdc sinh. M\u1ecdi chi ti\u1ebft v\u1ec1 ch\u01b0\u01a1ng tr\u00ecnh Tham v\u1ea5n h\u1ecdc \u0111\u01b0\u1eddng, c\u00e1c bu\u1ed5i h\u1ed9i th\u1ea3o chuy\u00ean \u0111\u1ec1 ho\u1eb7c nhu c\u1ea7u h\u1ee3p t\u00e1c tri\u1ec3n khai d\u1ecbch v\u1ee5 t\u1ea1i tr\u01b0\u1eddng, qu\u00fd v\u1ecb vui l\u00f2ng li\u00ean h\u1ec7:<\/p>\n\n\n\n<p>C\u00d4NG TY TNHH HACO VN \u2013 V\u0102N PH\u00d2NG T\u00c2M L\u00dd HACO<\/p>\n\n\n\n<p>\u0110C : 48&nbsp; Hu\u1ef3nh M\u1eabn \u0110\u1ea1t, P. Ch\u1ee3 Qu\u00e1n, Q5. TP.HCM<\/p>\n\n\n\n<p>\u0110T : 028 6650 6828 \u2013 0968 066 978<\/p>\n\n\n\n<p>Email : tamlyhaco@gmail.com<\/p>\n<\/div>\n\n\n\n<div style=\"height:var(--wp--preset--spacing--30)\" aria-hidden=\"true\" class=\"wp-block-spacer\"><\/div>\n\n\n\n<div class=\"wp-block-columns alignwide is-layout-flex wp-container-core-columns-is-layout-4935966c wp-block-columns-is-layout-flex\" style=\"padding-right:0;padding-left:0\">\n<div class=\"wp-block-column is-layout-flow wp-block-column-is-layout-flow\">\n<figure class=\"wp-block-image size-full is-style-rounded is-style-rounded--3\"><img loading=\"lazy\" decoding=\"async\" width=\"1024\" height=\"1024\" src=\"https:\/\/tamlyhaco.vn\/wp-content\/uploads\/2025\/12\/unnamed-2-4.jpg\" alt=\"\" class=\"wp-image-222\" style=\"aspect-ratio:1;object-fit:cover\" srcset=\"https:\/\/tamlyhaco.vn\/wp-content\/uploads\/2025\/12\/unnamed-2-4.jpg 1024w, https:\/\/tamlyhaco.vn\/wp-content\/uploads\/2025\/12\/unnamed-2-4-300x300.jpg 300w, https:\/\/tamlyhaco.vn\/wp-content\/uploads\/2025\/12\/unnamed-2-4-150x150.jpg 150w, https:\/\/tamlyhaco.vn\/wp-content\/uploads\/2025\/12\/unnamed-2-4-768x768.jpg 768w\" sizes=\"auto, (max-width: 1024px) 100vw, 1024px\" \/><\/figure>\n<\/div>\n\n\n\n<div class=\"wp-block-column is-layout-flow wp-block-column-is-layout-flow\">\n<figure class=\"wp-block-image size-full is-style-rounded is-style-rounded--4\"><img loading=\"lazy\" decoding=\"async\" width=\"1024\" height=\"1024\" src=\"https:\/\/tamlyhaco.vn\/wp-content\/uploads\/2025\/12\/unnamed-3-4.jpg\" alt=\"\" class=\"wp-image-223\" style=\"aspect-ratio:1;object-fit:cover\" srcset=\"https:\/\/tamlyhaco.vn\/wp-content\/uploads\/2025\/12\/unnamed-3-4.jpg 1024w, https:\/\/tamlyhaco.vn\/wp-content\/uploads\/2025\/12\/unnamed-3-4-300x300.jpg 300w, https:\/\/tamlyhaco.vn\/wp-content\/uploads\/2025\/12\/unnamed-3-4-150x150.jpg 150w, https:\/\/tamlyhaco.vn\/wp-content\/uploads\/2025\/12\/unnamed-3-4-768x768.jpg 768w\" sizes=\"auto, (max-width: 1024px) 100vw, 1024px\" \/><\/figure>\n<\/div>\n\n\n\n<div class=\"wp-block-column is-layout-flow wp-block-column-is-layout-flow\">\n<figure class=\"wp-block-image size-full is-style-rounded is-style-rounded--5\"><img loading=\"lazy\" decoding=\"async\" width=\"1024\" height=\"1024\" src=\"https:\/\/tamlyhaco.vn\/wp-content\/uploads\/2025\/12\/unnamed-4-4.jpg\" alt=\"\" class=\"wp-image-225\" style=\"aspect-ratio:1;object-fit:cover\" srcset=\"https:\/\/tamlyhaco.vn\/wp-content\/uploads\/2025\/12\/unnamed-4-4.jpg 1024w, https:\/\/tamlyhaco.vn\/wp-content\/uploads\/2025\/12\/unnamed-4-4-300x300.jpg 300w, https:\/\/tamlyhaco.vn\/wp-content\/uploads\/2025\/12\/unnamed-4-4-150x150.jpg 150w, https:\/\/tamlyhaco.vn\/wp-content\/uploads\/2025\/12\/unnamed-4-4-768x768.jpg 768w\" sizes=\"auto, (max-width: 1024px) 100vw, 1024px\" \/><\/figure>\n<\/div>\n<\/div>\n<\/div>\n\n\n\n<figure class=\"wp-block-image size-large\"><img loading=\"lazy\" decoding=\"async\" width=\"724\" height=\"1024\" src=\"https:\/\/tamlyhaco.vn\/wp-content\/uploads\/2025\/12\/Them-tieu-de-724x1024.png\" alt=\"\" class=\"wp-image-247\" srcset=\"https:\/\/tamlyhaco.vn\/wp-content\/uploads\/2025\/12\/Them-tieu-de-724x1024.png 724w, https:\/\/tamlyhaco.vn\/wp-content\/uploads\/2025\/12\/Them-tieu-de-212x300.png 212w, https:\/\/tamlyhaco.vn\/wp-content\/uploads\/2025\/12\/Them-tieu-de-768x1087.png 768w, https:\/\/tamlyhaco.vn\/wp-content\/uploads\/2025\/12\/Them-tieu-de-1085x1536.png 1085w, https:\/\/tamlyhaco.vn\/wp-content\/uploads\/2025\/12\/Them-tieu-de.png 1447w\" sizes=\"auto, (max-width: 724px) 100vw, 724px\" \/><\/figure>\n\n\n\n<p><\/p>\n","protected":false},"excerpt":{"rendered":"<p>Tham v\u1ea5n h\u1ecdc \u0111\u01b0\u1eddng l\u00e0 qu\u00e1 tr\u00ecnh h\u1ed7 tr\u1ee3 t\u00e2m l\u00fd chuy\u00ean nghi\u1ec7p d\u00e0nh cho h\u1ecdc sinh t\u1ea1i tr\u01b0\u1eddng h\u1ecdc. Th\u00f4ng qua \u0111\u00f3, h\u1ecdc sinh \u0111\u01b0\u1ee3c l\u1eafng nghe, th\u1ea5u hi\u1ec3u v\u00e0 \u0111\u1ed3ng h\u00e0nh trong vi\u1ec7c gi\u1ea3i quy\u1ebft nh\u1eefng kh\u00f3 kh\u0103n t\u00e2m l\u00fd, h\u00e0nh vi, c\u1ea3m x\u00fac v\u00e0 h\u1ecdc t\u1eadp. H\u1ed7 tr\u1ee3 s\u1ee9c kh\u1ecfe tinh th\u1ea7n [&hellip;]<\/p>\n","protected":false},"author":1,"featured_media":0,"parent":0,"menu_order":0,"comment_status":"closed","ping_status":"closed","template":"","meta":{"footnotes":""},"class_list":["post-218","page","type-page","status-publish","hentry"],"_links":{"self":[{"href":"https:\/\/tamlyhaco.vn\/index.php\/wp-json\/wp\/v2\/pages\/218","targetHints":{"allow":["GET"]}}],"collection":[{"href":"https:\/\/tamlyhaco.vn\/index.php\/wp-json\/wp\/v2\/pages"}],"about":[{"href":"https:\/\/tamlyhaco.vn\/index.php\/wp-json\/wp\/v2\/types\/page"}],"author":[{"embeddable":true,"href":"https:\/\/tamlyhaco.vn\/index.php\/wp-json\/wp\/v2\/users\/1"}],"replies":[{"embeddable":true,"href":"https:\/\/tamlyhaco.vn\/index.php\/wp-json\/wp\/v2\/comments?post=218"}],"version-history":[{"count":2,"href":"https:\/\/tamlyhaco.vn\/index.php\/wp-json\/wp\/v2\/pages\/218\/revisions"}],"predecessor-version":[{"id":261,"href":"https:\/\/tamlyhaco.vn\/index.php\/wp-json\/wp\/v2\/pages\/218\/revisions\/261"}],"wp:attachment":[{"href":"https:\/\/tamlyhaco.vn\/index.php\/wp-json\/wp\/v2\/media?parent=218"}],"curies":[{"name":"wp","href":"https:\/\/api.w.org\/{rel}","templated":true}]}}