{"id":230,"date":"2025-12-05T10:42:19","date_gmt":"2025-12-05T10:42:19","guid":{"rendered":"https:\/\/tamlyhaco.vn\/?page_id=230"},"modified":"2025-12-08T04:16:26","modified_gmt":"2025-12-08T04:16:26","slug":"ho-tro-cong-dong-dich-vu-tham-van-tam-ly","status":"publish","type":"page","link":"https:\/\/tamlyhaco.vn\/index.php\/ho-tro-cong-dong-dich-vu-tham-van-tam-ly\/","title":{"rendered":"D\u1ef1 \u00e1n h\u1ed7 tr\u1ee3 c\u1ed9ng \u0111\u1ed3ng d\u1ecbch v\u1ee5 tham v\u1ea5n t\u00e2m l\u00fd"},"content":{"rendered":"\n<p><\/p>\n\n\n\n<div class=\"wp-block-group alignfull has-accent-2-background-color has-background has-global-padding is-layout-constrained wp-container-core-group-is-layout-669513ed wp-block-group-is-layout-constrained\" style=\"margin-top:0;margin-bottom:0;padding-top:var(--wp--preset--spacing--50);padding-right:var(--wp--preset--spacing--50);padding-bottom:var(--wp--preset--spacing--50);padding-left:var(--wp--preset--spacing--50)\">\n<div class=\"wp-block-columns alignwide is-layout-flex wp-container-core-columns-is-layout-28f84493 wp-block-columns-is-layout-flex\">\n<div class=\"wp-block-column is-layout-flow wp-block-column-is-layout-flow\" style=\"flex-basis:40%\">\n<p class=\"has-text-color has-link-color wp-elements-b96b446769fdc6425837af8ed23bf979 wp-container-content-0733e5d0\" style=\"color:#ae6721\">Link : <a href=\"https:\/\/tamlyhaco.vn\/index.php\/dich-vu-tham-van-tam-ly-lang-nghe-dong-hanh\/\" data-type=\"page\" data-id=\"113\">Tham v\u1ea5n t\u00e2m l\u00fd: L\u1eafng Nghe &amp; \u0110\u1ed3ng H\u00e0nh<\/a><\/p>\n\n\n\n<p class=\"has-text-color has-link-color wp-elements-1553f51f07dea3b8d9244e1a68711f29 wp-container-content-0733e5d0\" style=\"color:#ae6721\">Link : <a href=\"https:\/\/tamlyhaco.vn\/index.php\/tham-van-hoc-duong\/\" data-type=\"page\" data-id=\"218\">Tham V\u1ea5n h\u1ecdc \u0111\u01b0\u1eddng<\/a><\/p>\n\n\n\n<p class=\"has-text-color has-link-color wp-elements-8d27f789362314b4c2a05b66c532a42b wp-container-content-0733e5d0\" style=\"color:#ae6721\">Link : Tham v\u1ea5n c\u1eadn t\u1eed &#8211; \u0110\u1ed3ng h\u00e0nh trong h\u00e0nh tr\u00ecnh cu\u1ed1i \u0111\u1eddi<\/p>\n\n\n\n<p class=\"has-text-color has-link-color wp-elements-8ea9940c37f90c2b60c835d8344bafd7 wp-container-content-0733e5d0\" style=\"color:#ae6721\">Link : <a href=\"https:\/\/tamlyhaco.vn\/index.php\/chuyen-de-tinh-duc-va-suc-khoe-sinh-san\/\" data-type=\"page\" data-id=\"99\">Chuy\u00ean \u0111\u1ec1 T\u00ecnh d\u1ee5c v\u00e0 s\u1ee9c kh\u1ecfe sinh s\u1ea3n<\/a><\/p>\n\n\n\n<p class=\"has-text-color has-link-color wp-elements-f101613e829b920d77719ba213c656e9 wp-container-content-0733e5d0\" style=\"color:#ae6721\">Link : <a href=\"https:\/\/tamlyhaco.vn\/index.php\/giao-tiep-cung-con\/\" data-type=\"page\" data-id=\"103\">Giao ti\u1ebfp c\u00f9ng con<\/a><\/p>\n\n\n\n<figure class=\"wp-block-image size-full\"><img loading=\"lazy\" decoding=\"async\" width=\"1024\" height=\"1024\" src=\"https:\/\/tamlyhaco.vn\/wp-content\/uploads\/2025\/12\/unnamed-13.jpg\" alt=\"\" class=\"wp-image-126\" srcset=\"https:\/\/tamlyhaco.vn\/wp-content\/uploads\/2025\/12\/unnamed-13.jpg 1024w, https:\/\/tamlyhaco.vn\/wp-content\/uploads\/2025\/12\/unnamed-13-300x300.jpg 300w, https:\/\/tamlyhaco.vn\/wp-content\/uploads\/2025\/12\/unnamed-13-150x150.jpg 150w, https:\/\/tamlyhaco.vn\/wp-content\/uploads\/2025\/12\/unnamed-13-768x768.jpg 768w\" sizes=\"auto, (max-width: 1024px) 100vw, 1024px\" \/><\/figure>\n\n\n\n<p>Cung c\u1ea5p c\u00e1c bu\u1ed5i tham v\u1ea5n t\u00e2m l\u00fd mi\u1ec5n ph\u00ed ho\u1eb7c chi ph\u00ed th\u1ea5p cho c\u00e1c tr\u01b0\u1eddng h\u1ee3p g\u1eb7p kh\u00f3 kh\u0103n t\u00e0i ch\u00ednh.<\/p>\n\n\n\n<p class=\"wp-container-content-0733e5d0\"><\/p>\n<\/div>\n\n\n\n<div class=\"wp-block-column is-layout-flow wp-block-column-is-layout-flow\" style=\"flex-basis:60%\">\n<p class=\"has-heading-font-family has-x-large-font-size\" style=\"line-height:1.2\"> Ch\u00fang t\u00f4i cung c\u1ea5p tham v\u1ea5n c\u00e1 nh\u00e2n \u2013 gia \u0111\u00ecnh, t\u1ed5 ch\u1ee9c chuy\u00ean \u0111\u1ec1 n\u00e2ng cao s\u1ee9c kh\u1ecfe tinh th\u1ea7n, truy\u1ec1n th\u00f4ng ph\u00f2ng ng\u1eeba stress \u2013 lo \u00e2u \u2013 sang ch\u1ea5n, v\u00e0 h\u1ed7 tr\u1ee3 cho c\u00e1c nh\u00f3m \u0111\u1ed1i t\u01b0\u1ee3ng \u0111\u1eb7c bi\u1ec7t. V\u1edbi \u0111\u1ed9i ng\u0169 chuy\u00ean vi\u00ean t\u00e2m l\u00fd chuy\u00ean m\u00f4n cao, Haco cam k\u1ebft mang \u0111\u1ebfn s\u1ef1 l\u1eafng nghe, chia s\u1ebb v\u00e0 can thi\u1ec7p k\u1ecbp th\u1eddi \u0111\u1ec3 g\u00f3p ph\u1ea7n x\u00e2y d\u1ef1ng m\u1ed9t c\u1ed9ng \u0111\u1ed3ng kh\u1ecfe m\u1ea1nh v\u00e0 an to\u00e0n v\u1ec1 m\u1eb7t tinh th\u1ea7n.<\/p>\n<\/div>\n<\/div>\n\n\n\n<div style=\"height:var(--wp--preset--spacing--40)\" aria-hidden=\"true\" class=\"wp-block-spacer\"><\/div>\n\n\n\n<figure class=\"wp-block-image alignwide size-large is-style-rounded is-style-rounded--1\"><img loading=\"lazy\" decoding=\"async\" width=\"724\" height=\"1024\" src=\"https:\/\/tamlyhaco.vn\/wp-content\/uploads\/2025\/12\/Tim-va-Trang-Anh-doc-Dai-hoc-Ap-phich-Tuyen-dung-2-724x1024.png\" alt=\"\" class=\"wp-image-292\" srcset=\"https:\/\/tamlyhaco.vn\/wp-content\/uploads\/2025\/12\/Tim-va-Trang-Anh-doc-Dai-hoc-Ap-phich-Tuyen-dung-2-724x1024.png 724w, https:\/\/tamlyhaco.vn\/wp-content\/uploads\/2025\/12\/Tim-va-Trang-Anh-doc-Dai-hoc-Ap-phich-Tuyen-dung-2-212x300.png 212w, https:\/\/tamlyhaco.vn\/wp-content\/uploads\/2025\/12\/Tim-va-Trang-Anh-doc-Dai-hoc-Ap-phich-Tuyen-dung-2-768x1086.png 768w, https:\/\/tamlyhaco.vn\/wp-content\/uploads\/2025\/12\/Tim-va-Trang-Anh-doc-Dai-hoc-Ap-phich-Tuyen-dung-2-1086x1536.png 1086w, https:\/\/tamlyhaco.vn\/wp-content\/uploads\/2025\/12\/Tim-va-Trang-Anh-doc-Dai-hoc-Ap-phich-Tuyen-dung-2-1448x2048.png 1448w, https:\/\/tamlyhaco.vn\/wp-content\/uploads\/2025\/12\/Tim-va-Trang-Anh-doc-Dai-hoc-Ap-phich-Tuyen-dung-2.png 1587w\" sizes=\"auto, (max-width: 724px) 100vw, 724px\" \/><\/figure>\n<\/div>\n","protected":false},"excerpt":{"rendered":"<p>Link : Tham v\u1ea5n t\u00e2m l\u00fd: L\u1eafng Nghe &amp; \u0110\u1ed3ng H\u00e0nh Link : Tham V\u1ea5n h\u1ecdc \u0111\u01b0\u1eddng Link : Tham v\u1ea5n c\u1eadn t\u1eed &#8211; \u0110\u1ed3ng h\u00e0nh trong h\u00e0nh tr\u00ecnh cu\u1ed1i \u0111\u1eddi Link : Chuy\u00ean \u0111\u1ec1 T\u00ecnh d\u1ee5c v\u00e0 s\u1ee9c kh\u1ecfe sinh s\u1ea3n Link : Giao ti\u1ebfp c\u00f9ng con Cung c\u1ea5p c\u00e1c bu\u1ed5i tham v\u1ea5n t\u00e2m [&hellip;]<\/p>\n","protected":false},"author":1,"featured_media":231,"parent":0,"menu_order":0,"comment_status":"closed","ping_status":"closed","template":"","meta":{"footnotes":""},"class_list":["post-230","page","type-page","status-publish","has-post-thumbnail","hentry"],"_links":{"self":[{"href":"https:\/\/tamlyhaco.vn\/index.php\/wp-json\/wp\/v2\/pages\/230","targetHints":{"allow":["GET"]}}],"collection":[{"href":"https:\/\/tamlyhaco.vn\/index.php\/wp-json\/wp\/v2\/pages"}],"about":[{"href":"https:\/\/tamlyhaco.vn\/index.php\/wp-json\/wp\/v2\/types\/page"}],"author":[{"embeddable":true,"href":"https:\/\/tamlyhaco.vn\/index.php\/wp-json\/wp\/v2\/users\/1"}],"replies":[{"embeddable":true,"href":"https:\/\/tamlyhaco.vn\/index.php\/wp-json\/wp\/v2\/comments?post=230"}],"version-history":[{"count":6,"href":"https:\/\/tamlyhaco.vn\/index.php\/wp-json\/wp\/v2\/pages\/230\/revisions"}],"predecessor-version":[{"id":293,"href":"https:\/\/tamlyhaco.vn\/index.php\/wp-json\/wp\/v2\/pages\/230\/revisions\/293"}],"wp:featuredmedia":[{"embeddable":true,"href":"https:\/\/tamlyhaco.vn\/index.php\/wp-json\/wp\/v2\/media\/231"}],"wp:attachment":[{"href":"https:\/\/tamlyhaco.vn\/index.php\/wp-json\/wp\/v2\/media?parent=230"}],"curies":[{"name":"wp","href":"https:\/\/api.w.org\/{rel}","templated":true}]}}