{"id":317,"date":"2025-12-11T06:19:00","date_gmt":"2025-12-11T06:19:00","guid":{"rendered":"https:\/\/tamlyhaco.vn\/?page_id=317"},"modified":"2025-12-11T06:19:00","modified_gmt":"2025-12-11T06:19:00","slug":"noi-co-don-tuoi-gia-khi-trai-tim-lai-trong-vang","status":"publish","type":"page","link":"https:\/\/tamlyhaco.vn\/index.php\/noi-co-don-tuoi-gia-khi-trai-tim-lai-trong-vang\/","title":{"rendered":"N\u1ed7i C\u00f4 \u0110\u01a1n Tu\u1ed5i Gi\u00e0 \u2013 Khi Tr\u00e1i Tim L\u1ea1i Tr\u1ed1ng V\u1eafng"},"content":{"rendered":"\n<figure class=\"wp-block-video\"><video height=\"720\" style=\"aspect-ratio: 1280 \/ 720;\" width=\"1280\" controls src=\"https:\/\/tamlyhaco.vn\/wp-content\/uploads\/2025\/12\/Clip.mp4\"><\/video><\/figure>\n\n\n\n<div class=\"wp-block-group alignfull has-accent-background-color has-background has-global-padding is-layout-constrained wp-container-core-group-is-layout-669513ed wp-block-group-is-layout-constrained\" style=\"margin-top:0;margin-bottom:0;padding-top:var(--wp--preset--spacing--50);padding-right:var(--wp--preset--spacing--50);padding-bottom:var(--wp--preset--spacing--50);padding-left:var(--wp--preset--spacing--50)\">\n<div class=\"wp-block-columns alignwide is-layout-flex wp-container-core-columns-is-layout-1da03c2a wp-block-columns-is-layout-flex\">\n<div class=\"wp-block-column is-vertically-aligned-stretch is-layout-flow wp-block-column-is-layout-flow\" style=\"flex-basis:50%\">\n<div class=\"wp-block-group is-vertical is-content-justification-stretch is-layout-flex wp-container-core-group-is-layout-444d5ee8 wp-block-group-is-layout-flex\" style=\"min-height:100%\">\n<p class=\"has-heading-font-family has-large-font-size\" style=\"line-height:1.2\">Khi cu\u1ed9c s\u1ed1ng xoay v\u1ea7n, khi m\u00e1i t\u00f3c \u0111\u00e3 b\u1ea1c, \u0111\u00f4i ch\u00e2n kh\u00f4ng c\u00f2n b\u01b0\u1edbc nhanh nh\u01b0 tr\u01b0\u1edbc, ng\u01b0\u1eddi ta th\u01b0\u1eddng ngh\u0129 r\u1eb1ng tu\u1ed5i gi\u00e0 l\u00e0 l\u00fac <strong>an nh\u00e0n<\/strong>, \u0111\u01b0\u1ee3c ngh\u1ec9 ng\u01a1i, \u0111\u01b0\u1ee3c h\u01b0\u1edfng th\u1ee5 th\u00e0nh qu\u1ea3 c\u1ea3 \u0111\u1eddi vun \u0111\u1eafp, <strong>sum v\u1ea7y b\u00ean con ch\u00e1u<\/strong>.<\/p>\n\n\n\n<p class=\"has-heading-font-family has-large-font-size\" style=\"line-height:1.2\">Th\u1ebf nh\u01b0ng, \u0111\u1ed1i v\u1edbi kh\u00f4ng \u00edt ng\u01b0\u1eddi cao tu\u1ed5i, \u0111\u00e2y l\u1ea1i l\u00e0 giai \u0111o\u1ea1n m\u00e0 <strong>n\u1ed7i c\u00f4 \u0111\u01a1n<\/strong> tr\u1edf th\u00e0nh m\u1ed9t ng\u01b0\u1eddi b\u1ea1n kh\u00f4ng m\u1eddi m\u00e0 \u0111\u1ebfn, <strong>g\u1eb7m nh\u1ea5m t\u00e2m h\u1ed3n<\/strong> v\u00e0 ti\u1ec1m \u1ea9n nhi\u1ec1u h\u1ec7 l\u1ee5y <strong>nghi\u00eam tr\u1ecdng<\/strong> \u0111\u1ebfn s\u1ee9c kh\u1ecfe tinh th\u1ea7n.<\/p>\n<\/div>\n<\/div>\n\n\n\n<div class=\"wp-block-column is-vertically-aligned-center is-layout-flow wp-block-column-is-layout-flow\" style=\"flex-basis:50%\">\n<figure class=\"wp-block-image size-full is-style-rounded is-style-rounded--1\"><img loading=\"lazy\" decoding=\"async\" width=\"1024\" height=\"1024\" src=\"https:\/\/tamlyhaco.vn\/wp-content\/uploads\/2025\/12\/co-don-tuoi-gia-1.jpg\" alt=\"\" class=\"wp-image-318\" style=\"aspect-ratio:3\/4;object-fit:cover\" srcset=\"https:\/\/tamlyhaco.vn\/wp-content\/uploads\/2025\/12\/co-don-tuoi-gia-1.jpg 1024w, https:\/\/tamlyhaco.vn\/wp-content\/uploads\/2025\/12\/co-don-tuoi-gia-1-300x300.jpg 300w, https:\/\/tamlyhaco.vn\/wp-content\/uploads\/2025\/12\/co-don-tuoi-gia-1-150x150.jpg 150w, https:\/\/tamlyhaco.vn\/wp-content\/uploads\/2025\/12\/co-don-tuoi-gia-1-768x768.jpg 768w\" sizes=\"auto, (max-width: 1024px) 100vw, 1024px\" \/><\/figure>\n<\/div>\n<\/div>\n<\/div>\n\n\n\n<div class=\"wp-block-group alignfull has-base-background-color has-background has-global-padding is-layout-constrained wp-container-core-group-is-layout-d89aad35 wp-block-group-is-layout-constrained\" style=\"margin-top:0;margin-bottom:0;padding-top:var(--wp--preset--spacing--50);padding-right:var(--wp--preset--spacing--50);padding-bottom:var(--wp--preset--spacing--50);padding-left:var(--wp--preset--spacing--50)\">\n<div class=\"wp-block-columns alignwide is-layout-flex wp-container-core-columns-is-layout-549b0c86 wp-block-columns-is-layout-flex\">\n<div class=\"wp-block-column has-global-padding is-content-justification-left is-layout-constrained wp-container-core-column-is-layout-4f15e8fe wp-block-column-is-layout-constrained\" style=\"flex-basis:40%\">\n<p>Nhi\u1ec1u ng\u01b0\u1eddi cho r\u1eb1ng, khi con c\u00e1i tr\u01b0\u1edfng th\u00e0nh, l\u1eadp gia \u0111\u00ecnh v\u00e0 c\u00f3 cu\u1ed9c s\u1ed1ng ri\u00eang, \u0111\u00f3 l\u00e0 quy lu\u1eadt t\u1ef1 nhi\u00ean. Nh\u01b0ng ch\u00ednh s\u1ef1 &#8220;t\u1ef1 nhi\u00ean&#8221; n\u00e0y l\u1ea1i th\u01b0\u1eddng \u0111\u1ea9y cha m\u1eb9 gi\u00e0 v\u00e0o m\u1ed9t kho\u1ea3ng tr\u1ed1ng l\u1edbn:<\/p>\n\n\n\n<p><strong>H\u1ed9i ch\u1ee9ng t\u1ed5 tr\u1ed1ng&#8221; (Empty Nest Syndrome):<\/strong> Con c\u00e1i r\u1eddi \u0111i, ng\u00f4i nh\u00e0 t\u1eebng r\u1ed9n r\u00e0ng b\u1ed7ng tr\u1edf n\u00ean <strong>v\u1eafng l\u1eb7ng<\/strong>. Vai tr\u00f2 <strong>&#8220;l\u00e0m cha m\u1eb9 to\u00e0n th\u1eddi gian&#8221; ch\u1ea5m d\u1ee9t<\/strong> \u0111\u1ed9t ng\u1ed9t, khi\u1ebfn nhi\u1ec1u ng\u01b0\u1eddi c\u1ea3m th\u1ea5y m\u1ea5t ph\u01b0\u01a1ng h\u01b0\u1edbng v\u00e0 thi\u1ebfu m\u1ee5c \u0111\u00edch.<\/p>\n<\/div>\n\n\n\n<div class=\"wp-block-column is-layout-flow wp-container-core-column-is-layout-119bc444 wp-block-column-is-layout-flow\" style=\"flex-basis:60%\">\n<p class=\"has-heading-font-family has-large-font-size\" style=\"line-height:1.2\"><strong>L\u00fd Gi\u1ea3i N\u1ed7i \u00c1m \u1ea2nh C\u00f4 \u0110\u01a1n Tu\u1ed5i Gi\u00e0 c\u00f3 th\u1ec3 \u0111\u01b0\u1ee3c l\u00fd gi\u1ea3i<\/strong><\/p>\n\n\n\n<div class=\"wp-block-columns is-layout-flex wp-container-core-columns-is-layout-87beb0d0 wp-block-columns-is-layout-flex\">\n<div class=\"wp-block-column is-layout-flow wp-block-column-is-layout-flow\">\n<p class=\"wp-container-content-9cfa9a5a\"><strong>M\u1ea5t m\u00e1t b\u1ea1n \u0111\u1eddi, b\u1ea1n b\u00e8:<\/strong> Tu\u1ed5i t\u00e1c c\u00e0ng cao, s\u1ed1 l\u01b0\u1ee3ng ng\u01b0\u1eddi th\u00e2n, b\u1ea1n b\u00e8 qua \u0111\u1eddi c\u00e0ng nhi\u1ec1u. Nh\u1eefng m\u1ed1i quan h\u1ec7 x\u00e3 h\u1ed9i t\u1eebng l\u00e0 ch\u1ed7 d\u1ef1a tinh th\u1ea7n d\u1ea7n m\u1ea5t \u0111i, khi\u1ebfn ng\u01b0\u1eddi gi\u00e0 c\u1ea3m th\u1ea5y m\u00ecnh ng\u00e0y c\u00e0ng <strong>\u0111\u01a1n \u0111\u1ed9c<\/strong>.<\/p>\n\n\n\n<p><strong>H\u1ea1n ch\u1ebf v\u1eadn \u0111\u1ed9ng v\u00e0 giao ti\u1ebfp x\u00e3 h\u1ed9i:<\/strong> S\u1ee9c kh\u1ecfe suy gi\u1ea3m, b\u1ec7nh t\u1eadt ho\u1eb7c kh\u00f3 kh\u0103n trong di chuy\u1ec3n khi\u1ebfn ng\u01b0\u1eddi cao tu\u1ed5i <strong>\u00edt c\u00f3 c\u01a1 h\u1ed9i ra ngo\u00e0i<\/strong>, t\u1eeb \u0111\u00f3 thu h\u1eb9p v\u00f2ng tr\u00f2n giao ti\u1ebfp.<\/p>\n\n\n\n<p class=\"wp-container-content-9cfa9a5a\"><\/p>\n<\/div>\n\n\n\n<div class=\"wp-block-column is-layout-flow wp-block-column-is-layout-flow\">\n<p><strong>Kho\u1ea3ng c\u00e1ch th\u1ebf h\u1ec7:<\/strong> S\u1ef1 kh\u00e1c bi\u1ec7t v\u1ec1 l\u1ed1i s\u1ed1ng, c\u00f4ng ngh\u1ec7, t\u01b0 duy gi\u1eefa c\u00e1c th\u1ebf h\u1ec7 t\u1ea1o ra <strong>r\u00e0o c\u1ea3n<\/strong>, khi\u1ebfn ng\u01b0\u1eddi gi\u00e0 kh\u00f3 chia s\u1ebb ho\u1eb7c c\u1ea3m th\u1ea5y kh\u00f4ng \u0111\u01b0\u1ee3c th\u1ea5u hi\u1ec3u.<\/p>\n\n\n\n<p><strong>C\u1ea3m gi\u00e1c v\u00f4 d\u1ee5ng, m\u1ea5t \u0111i gi\u00e1 tr\u1ecb:<\/strong> Khi kh\u00f4ng c\u00f2n \u0111i l\u00e0m, kh\u00f4ng c\u00f2n g\u00e1nh v\u00e1c c\u00e1c tr\u1ecdng tr\u00e1ch gia \u0111\u00ecnh, m\u1ed9t s\u1ed1 ng\u01b0\u1eddi cao tu\u1ed5i c\u00f3 th\u1ec3 c\u1ea3m th\u1ea5y m\u00ecnh <strong>kh\u00f4ng c\u00f2n h\u1eefu \u00edch<\/strong>, d\u1eabn \u0111\u1ebfn suy gi\u1ea3m l\u00f2ng t\u1ef1 tr\u1ecdng.<\/p>\n<\/div>\n<\/div>\n<\/div>\n<\/div>\n<\/div>\n\n\n\n<div class=\"wp-block-group alignfull has-accent-5-background-color has-background has-global-padding is-layout-constrained wp-container-core-group-is-layout-d89aad35 wp-block-group-is-layout-constrained\" style=\"margin-top:0;margin-bottom:0;padding-top:var(--wp--preset--spacing--50);padding-right:var(--wp--preset--spacing--50);padding-bottom:var(--wp--preset--spacing--50);padding-left:var(--wp--preset--spacing--50)\">\n<div class=\"wp-block-columns alignwide is-layout-flex wp-container-core-columns-is-layout-1da03c2a wp-block-columns-is-layout-flex\">\n<div class=\"wp-block-column is-vertically-aligned-center is-layout-flow wp-block-column-is-layout-flow\" style=\"flex-basis:60%\">\n<figure class=\"wp-block-image size-full\"><img loading=\"lazy\" decoding=\"async\" width=\"1024\" height=\"1024\" src=\"https:\/\/tamlyhaco.vn\/wp-content\/uploads\/2025\/12\/unnamed-1-7.jpg\" alt=\"\" class=\"wp-image-321\" srcset=\"https:\/\/tamlyhaco.vn\/wp-content\/uploads\/2025\/12\/unnamed-1-7.jpg 1024w, https:\/\/tamlyhaco.vn\/wp-content\/uploads\/2025\/12\/unnamed-1-7-300x300.jpg 300w, https:\/\/tamlyhaco.vn\/wp-content\/uploads\/2025\/12\/unnamed-1-7-150x150.jpg 150w, https:\/\/tamlyhaco.vn\/wp-content\/uploads\/2025\/12\/unnamed-1-7-768x768.jpg 768w\" sizes=\"auto, (max-width: 1024px) 100vw, 1024px\" \/><\/figure>\n<\/div>\n\n\n\n<div class=\"wp-block-column is-layout-flow wp-block-column-is-layout-flow\" style=\"flex-basis:40%\">\n<h2 class=\"wp-block-heading has-large-font-size\"><strong>H\u1ec7 L\u1ee5y Kh\u00f4n L\u01b0\u1eddng T\u1eeb C\u00f4 \u0110\u01a1n M\u00e3n T\u00ednh<\/strong><\/h2>\n\n\n\n<p>N\u1ed7i c\u00f4 \u0111\u01a1n kh\u00f4ng ch\u1ec9 l\u00e0 m\u1ed9t c\u1ea3m x\u00fac tho\u00e1ng qua; n\u00f3 l\u00e0 m\u1ed9t tr\u1ea1ng th\u00e1i m\u00e3n t\u00ednh c\u00f3 th\u1ec3 d\u1eabn \u0111\u1ebfn nhi\u1ec1u <strong>r\u1ed1i lo\u1ea1n t\u00e2m l\u00fd nguy hi\u1ec3m<\/strong>:<\/p>\n\n\n\n<p><strong>Suy ngh\u0129 ti\u00eau c\u1ef1c:<\/strong> Trong nh\u1eefng tr\u01b0\u1eddng h\u1ee3p nghi\u00eam tr\u1ecdng, c\u1ea3m gi\u00e1c tuy\u1ec7t v\u1ecdng v\u00e0 kh\u00f4ng c\u00f2n \u00fd ngh\u0129a cu\u1ed9c s\u1ed1ng c\u00f3 th\u1ec3 d\u1eabn \u0111\u1ebfn nh\u1eefng suy ngh\u0129 c\u1ef1c \u0111oan.<\/p>\n\n\n\n<p><strong>Tr\u1ea7m c\u1ea3m v\u00e0 lo \u00e2u:<\/strong> C\u1ea3m gi\u00e1c tr\u1ed1ng r\u1ed7ng, bu\u1ed3n b\u00e3 k\u00e9o d\u00e0i, m\u1ea5t h\u1ee9ng th\u00fa. <strong>Ng\u01b0\u1eddi gi\u00e0 tr\u1ea7m c\u1ea3m d\u1ec5 b\u1ecb b\u1ecf qua<\/strong> v\u00ec c\u00e1c tri\u1ec7u ch\u1ee9ng th\u01b0\u1eddng b\u1ecb nh\u1ea7m l\u1eabn v\u1edbi qu\u00e1 tr\u00ecnh l\u00e3o h\u00f3a th\u00f4ng th\u01b0\u1eddng.<\/p>\n\n\n\n<p><strong>Suy gi\u1ea3m nh\u1eadn th\u1ee9c:<\/strong> C\u00f4 \u0111\u01a1n m\u00e3n t\u00ednh c\u00f3 th\u1ec3 l\u00e0m <strong>t\u0103ng nguy c\u01a1 suy gi\u1ea3m tr\u00ed nh\u1edb<\/strong>, th\u1eadm ch\u00ed l\u00e0 b\u1ec7nh Alzheimer v\u00e0 c\u00e1c d\u1ea1ng sa s\u00fat tr\u00ed tu\u1ec7 kh\u00e1c.<\/p>\n\n\n\n<p><strong>R\u1ed1i lo\u1ea1n gi\u1ea5c ng\u1ee7:<\/strong> C\u00f4 \u0111\u01a1n v\u00e0 lo \u00e2u th\u01b0\u1eddng \u0111i k\u00e8m v\u1edbi ch\u1ee9ng <strong>m\u1ea5t ng\u1ee7<\/strong> ho\u1eb7c gi\u1ea5c ng\u1ee7 kh\u00f4ng s\u00e2u, g\u00e2y m\u1ec7t m\u1ecfi th\u1ec3 ch\u1ea5t v\u00e0 tinh th\u1ea7n.<\/p>\n\n\n\n<p><strong>T\u0103ng nguy c\u01a1 b\u1ec7nh l\u00fd th\u1ec3 ch\u1ea5t:<\/strong> C\u0103ng th\u1eb3ng t\u00e2m l\u00fd \u1ea3nh h\u01b0\u1edfng ti\u00eau c\u1ef1c \u0111\u1ebfn h\u1ec7 mi\u1ec5n d\u1ecbch, l\u00e0m t\u0103ng nguy c\u01a1 m\u1eafc <strong>b\u1ec7nh tim m\u1ea1ch, cao huy\u1ebft \u00e1p<\/strong> v\u00e0 c\u00e1c v\u1ea5n \u0111\u1ec1 s\u1ee9c kh\u1ecfe kh\u00e1c.<\/p>\n<\/div>\n<\/div>\n<\/div>\n\n\n\n<div class=\"wp-block-group alignfull has-global-padding is-layout-constrained wp-container-core-group-is-layout-669513ed wp-block-group-is-layout-constrained\" style=\"margin-top:0;margin-bottom:0;padding-top:var(--wp--preset--spacing--50);padding-right:var(--wp--preset--spacing--50);padding-bottom:var(--wp--preset--spacing--50);padding-left:var(--wp--preset--spacing--50)\">\n<div class=\"wp-block-group is-vertical is-content-justification-center is-layout-flex wp-container-core-group-is-layout-ce155fab wp-block-group-is-layout-flex\">\n<h2 class=\"wp-block-heading has-text-align-center has-xx-large-font-size\"><strong>Gi\u1ea3i Ph\u00e1p N\u00e0o Cho N\u1ed7i C\u00f4 \u0110\u01a1n Tu\u1ed5i Gi\u00e0?<\/strong><\/h2>\n\n\n\n<details class=\"wp-block-details is-layout-flow wp-block-details-is-layout-flow\"><summary>Nh\u1eadn di\u1ec7n v\u00e0 <strong>h\u00e0nh \u0111\u1ed9ng k\u1ecbp th\u1eddi<\/strong> l\u00e0 ch\u00eca kh\u00f3a. C\u00e1c gi\u1ea3i ph\u00e1p c\u00f3 th\u1ec3 bao g\u1ed3m:<\/summary>\n<div class=\"wp-block-columns is-layout-flex wp-container-core-columns-is-layout-28f84493 wp-block-columns-is-layout-flex\">\n<div class=\"wp-block-column is-layout-flow wp-block-column-is-layout-flow\" style=\"flex-basis:100%\">\n<p class=\"has-text-align-center\"><\/p>\n<\/div>\n<\/div>\n<\/details>\n\n\n\n<p class=\"has-text-align-left\"><strong>H\u1ed7 tr\u1ee3 chuy\u00ean nghi\u1ec7p:<\/strong> T\u00ecm \u0111\u1ebfn c\u00e1c chuy\u00ean gia t\u01b0 v\u1ea5n t\u00e2m l\u00fd ho\u1eb7c b\u00e1c s\u0129 khi c\u00e1c d\u1ea5u hi\u1ec7u c\u00f4 \u0111\u01a1n tr\u1edf n\u00ean nghi\u00eam tr\u1ecdng.<\/p>\n\n\n\n<p class=\"has-text-align-left\"><strong>T\u0103ng c\u01b0\u1eddng k\u1ebft n\u1ed1i gia \u0111\u00ecnh:<\/strong> Con c\u00e1i c\u1ea7n d\u00e0nh <strong>th\u1eddi gian ch\u1ea5t l\u01b0\u1ee3ng<\/strong> h\u01a1n cho cha m\u1eb9, l\u1eafng nghe v\u00e0 chia s\u1ebb.<\/p>\n\n\n\n<p class=\"has-text-align-left\"><strong>Khuy\u1ebfn kh\u00edch tham gia ho\u1ea1t \u0111\u1ed9ng x\u00e3 h\u1ed9i:<\/strong> T\u1ea1o \u0111i\u1ec1u ki\u1ec7n \u0111\u1ec3 ng\u01b0\u1eddi gi\u00e0 tham gia c\u00e1c c\u00e2u l\u1ea1c b\u1ed9, l\u1edbp h\u1ecdc, ho\u1ea1t \u0111\u1ed9ng t\u00ecnh nguy\u1ec7n ph\u00f9 h\u1ee3p v\u1edbi s\u1ee9c kh\u1ecfe.<\/p>\n\n\n\n<p><strong>Ch\u1ee7 \u0111\u1ed9ng t\u00ecm ki\u1ebfm s\u1edf th\u00edch m\u1edbi:<\/strong> \u0110\u1ecdc s\u00e1ch, h\u1ecdc m\u1ed9t k\u1ef9 n\u0103ng m\u1edbi, l\u00e0m v\u01b0\u1eddn&#8230; \u0111\u1ec3 gi\u1eef cho t\u00e2m tr\u00ed lu\u00f4n b\u1eadn r\u1ed9n v\u00e0 <strong>c\u00f3 m\u1ee5c \u0111\u00edch<\/strong>.<\/p>\n\n\n\n<p><strong>S\u1eed d\u1ee5ng c\u00f4ng ngh\u1ec7:<\/strong> H\u01b0\u1edbng d\u1eabn ng\u01b0\u1eddi cao tu\u1ed5i s\u1eed d\u1ee5ng \u0111i\u1ec7n tho\u1ea1i th\u00f4ng minh, m\u00e1y t\u00ednh b\u1ea3ng \u0111\u1ec3 <strong>k\u1ebft n\u1ed1i<\/strong> v\u1edbi ng\u01b0\u1eddi th\u00e2n, b\u1ea1n b\u00e8 qua video call.<\/p>\n<\/div>\n\n\n\n<div style=\"height:var(--wp--preset--spacing--30)\" aria-hidden=\"true\" class=\"wp-block-spacer\"><\/div>\n\n\n\n<figure class=\"wp-block-image size-full\"><img loading=\"lazy\" decoding=\"async\" width=\"1024\" height=\"1024\" src=\"https:\/\/tamlyhaco.vn\/wp-content\/uploads\/2025\/12\/unnamed-2-5.jpg\" alt=\"\" class=\"wp-image-320\" srcset=\"https:\/\/tamlyhaco.vn\/wp-content\/uploads\/2025\/12\/unnamed-2-5.jpg 1024w, https:\/\/tamlyhaco.vn\/wp-content\/uploads\/2025\/12\/unnamed-2-5-300x300.jpg 300w, https:\/\/tamlyhaco.vn\/wp-content\/uploads\/2025\/12\/unnamed-2-5-150x150.jpg 150w, https:\/\/tamlyhaco.vn\/wp-content\/uploads\/2025\/12\/unnamed-2-5-768x768.jpg 768w\" sizes=\"auto, (max-width: 1024px) 100vw, 1024px\" \/><\/figure>\n\n\n\n<ul class=\"wp-block-list\">\n<li><strong>G\u00f3c nh\u00ecn t\u1eeb nh\u1eefng ng\u01b0\u1eddi con<\/strong><\/li>\n<\/ul>\n\n\n\n<p><strong>Th\u1ef1c ra, nh\u1eefng ng\u01b0\u1eddi con kh\u00f4ng h\u1ec1 c\u1ed1 \u00fd b\u1ecf r\u01a1i cha m\u1eb9.<\/strong> Cu\u1ed9c s\u1ed1ng hi\u1ec7n \u0111\u1ea1i v\u1edbi v\u00f2ng xo\u00e1y <strong>c\u00f4ng vi\u1ec7c, con c\u00e1i v\u00e0 \u00e1p l\u1ef1c t\u00e0i ch\u00ednh<\/strong> \u0111\u00e3 cu\u1ed1n t\u1ea5t c\u1ea3 \u0111i. Nhi\u1ec1u khi, h\u1ecd ch\u1ec9 nh\u1eadn ra cha m\u1eb9 m\u00ecnh \u0111\u00e3 c\u00f4 \u0111\u01a1n v\u00e0 c\u1ea7n s\u1ef1 quan t\u00e2m \u0111\u1ebfn nh\u01b0\u1eddng n\u00e0o khi m\u1ecdi th\u1ee9 \u0111\u00e3 qu\u00e1 mu\u1ed9n: khi <strong>tr\u00ed nh\u1edb b\u1eaft \u0111\u1ea7u l\u00e3ng qu\u00ean<\/strong>, hay khi <strong>s\u1ee9c kh\u1ecfe ng\u00e0y m\u1ed9t y\u1ebfu \u0111i<\/strong>.<\/p>\n\n\n\n<p>Ng\u01b0\u1eddi gi\u00e0 c\u00f4 \u0111\u01a1n th\u01b0\u1eddng <strong>kh\u00f4ng n\u00f3i ra<\/strong>. H\u1ecd s\u1ee3 l\u00e0m phi\u1ec1n con c\u00e1i, s\u1ee3 b\u1ecb coi l\u00e0 y\u1ebfu \u0111u\u1ed1i. H\u1ecd gi\u1ea5u n\u1ed7i bu\u1ed3n sau c\u00e2u <strong>\u201cba\/m\u1eb9 kh\u1ecfe m\u00e0\u201d<\/strong> m\u1ed7i l\u1ea7n con g\u1ecdi \u0111i\u1ec7n. Nh\u01b0ng trong l\u00f2ng, h\u1ecd khao kh\u00e1t \u0111\u01b0\u1ee3c l\u1eafng nghe, \u0111\u01b0\u1ee3c quan t\u00e2m, \u0111\u01b0\u1ee3c c\u1ea3m th\u1ea5y m\u00ecnh <strong>v\u1eabn c\u00f2n gi\u00e1 tr\u1ecb<\/strong>.<\/p>\n<\/div>\n\n\n\n<div class=\"wp-block-group alignfull has-global-padding is-layout-constrained wp-container-core-group-is-layout-d89aad35 wp-block-group-is-layout-constrained\" style=\"margin-top:0;margin-bottom:0;padding-top:var(--wp--preset--spacing--50);padding-right:var(--wp--preset--spacing--50);padding-bottom:var(--wp--preset--spacing--50);padding-left:var(--wp--preset--spacing--50)\">\n<div class=\"wp-block-columns alignwide are-vertically-aligned-center is-layout-flex wp-container-core-columns-is-layout-47c06fe3 wp-block-columns-is-layout-flex\">\n<div class=\"wp-block-column is-vertically-aligned-center is-layout-flow wp-block-column-is-layout-flow\" style=\"flex-basis:50%\">\n<h2 class=\"wp-block-heading\"><strong>L\u1eddi K\u00eau G\u1ecdi H\u00e0nh \u0110\u1ed9ng (Call to Action)<\/strong><\/h2>\n\n\n\n<p><strong>C\u00f4 \u0111\u01a1n tu\u1ed5i gi\u00e0 kh\u00f4ng ph\u1ea3i l\u00e0 \u0111\u1ecbnh m\u1ec7nh.<\/strong> N\u00f3 c\u00f3 th\u1ec3 \u0111\u01b0\u1ee3c ch\u1eefa l\u00e0nh b\u1eb1ng nh\u1eefng \u0111i\u1ec1u r\u1ea5t nh\u1ecf:<\/p>\n\n\n\n<ul class=\"wp-block-list\">\n<li><strong>M\u1ed9t cu\u1ed9c g\u1ecdi video<\/strong> m\u1ed7i t\u1ed1i 15 ph\u00fat.<\/li>\n\n\n\n<li><strong>M\u1ed9t b\u1eefa c\u01a1m cu\u1ed1i tu\u1ea7n<\/strong> c\u1ea3 nh\u00e0 qu\u00e2y qu\u1ea7n.<\/li>\n\n\n\n<li><strong>M\u1ed9t c\u00e2u h\u1ecfi ch\u00e2n th\u00e0nh:<\/strong> \u201cH\u00f4m nay ba\/m\u1eb9 th\u1ea5y trong ng\u01b0\u1eddi th\u1ebf n\u00e0o?\u201d<\/li>\n\n\n\n<li><strong>M\u1ed9t c\u00e1i \u00f4m th\u1eadt ch\u1eb7t<\/strong> thay cho ng\u00e0n l\u1eddi n\u00f3i.<\/li>\n\n\n\n<li>V\u00e0 quan tr\u1ecdng nh\u1ea5t: <strong>m\u1ed9t kh\u00f4ng gian \u0111\u1ec3 ng\u01b0\u1eddi gi\u00e0 \u0111\u01b0\u1ee3c n\u00f3i, \u0111\u01b0\u1ee3c k\u1ec3, \u0111\u01b0\u1ee3c kh\u00f3c, \u0111\u01b0\u1ee3c c\u01b0\u1eddi<\/strong> \u2013 m\u00e0 kh\u00f4ng s\u1ee3 b\u1ecb ph\u00e1n x\u00e9t hay b\u1ecb b\u1ecf qua.<\/li>\n<\/ul>\n\n\n\n<p><\/p>\n<\/div>\n\n\n\n<div class=\"wp-block-column is-vertically-aligned-center is-layout-flow wp-block-column-is-layout-flow\" style=\"flex-basis:50%\">\n<figure class=\"wp-block-image size-full is-style-rounded is-style-rounded--2\"><img loading=\"lazy\" decoding=\"async\" width=\"1024\" height=\"1024\" src=\"https:\/\/tamlyhaco.vn\/wp-content\/uploads\/2025\/12\/unnamed-12.jpg\" alt=\"\" class=\"wp-image-323\" style=\"aspect-ratio:4\/3;object-fit:cover\" srcset=\"https:\/\/tamlyhaco.vn\/wp-content\/uploads\/2025\/12\/unnamed-12.jpg 1024w, https:\/\/tamlyhaco.vn\/wp-content\/uploads\/2025\/12\/unnamed-12-300x300.jpg 300w, https:\/\/tamlyhaco.vn\/wp-content\/uploads\/2025\/12\/unnamed-12-150x150.jpg 150w, https:\/\/tamlyhaco.vn\/wp-content\/uploads\/2025\/12\/unnamed-12-768x768.jpg 768w\" sizes=\"auto, (max-width: 1024px) 100vw, 1024px\" \/><\/figure>\n<\/div>\n<\/div>\n<\/div>\n\n\n\n<p>N\u1ebfu b\u1ea1n \u0111ang \u0111\u1ecdc nh\u1eefng d\u00f2ng n\u00e0y v\u00e0 trong l\u00f2ng ch\u1ee3t ngh\u0129 \u0111\u1ebfn ba m\u1eb9, \u00f4ng b\u00e0 c\u1ee7a m\u00ecnh, h\u00e3y d\u00e0nh 5 gi\u00e2y <strong>nh\u1eafn ngay m\u1ed9t tin:<\/strong> \u201cCon nh\u1edb m\u1eb9 qu\u00e1. T\u1ed1i nay con g\u1ecdi v\u1ec1 n\u00f3i chuy\u1ec7n v\u1edbi m\u1eb9 nh\u00e9.\u201d<\/p>\n\n\n\n<p><strong>Ch\u1ec9 m\u1ed9t tin nh\u1eafn th\u00f4i, c\u0169ng \u0111\u1ee7 l\u00e0m s\u00e1ng b\u1eebng c\u1ea3 m\u1ed9t ng\u00e0y d\u00e0i c\u00f4 \u0111\u01a1n c\u1ee7a ng\u01b0\u1eddi gi\u00e0.<\/strong><\/p>\n\n\n\n<p>V\u00e0 n\u1ebfu b\u1ea1n th\u1ea5y cha m\u1eb9 m\u00ecnh \u0111ang d\u1ea7n kh\u00e9p m\u00ecnh l\u1ea1i, \u00edt n\u00f3i, hay ng\u1ed3i th\u1eabn th\u1edd m\u1ed9t ch\u1ed7, \u0111\u1eebng ngh\u0129 \u0111\u00f3 l\u00e0 <strong>\u201ctu\u1ed5i gi\u00e0 n\u00f3 th\u1ebf\u201d<\/strong>. <strong>H\u00e3y h\u00e0nh \u0111\u1ed9ng.<\/strong> H\u00e3y tr\u00f2 chuy\u1ec7n. H\u00e3y \u0111\u01b0a ba m\u1eb9 \u0111\u1ebfn nh\u1eefng n\u01a1i h\u1ecd \u0111\u01b0\u1ee3c g\u1eb7p g\u1ee1, chia s\u1ebb c\u00f9ng nh\u1eefng ng\u01b0\u1eddi c\u00f9ng c\u1ea3nh ng\u1ed9.<\/p>\n\n\n\n<p>Ba m\u1eb9 x\u1ee9ng \u0111\u00e1ng \u0111\u01b0\u1ee3c h\u1ea1nh ph\u00fac \u0111\u1ebfn cu\u1ed1i \u0111\u1eddi. V\u00e0 h\u1ea1nh ph\u00fac \u0111\u00f3, b\u1eaft \u0111\u1ea7u t\u1eeb ch\u00ednh ch\u00fang ta.<\/p>\n\n\n\n<p><strong>N\u1ebfu b\u1ea1n mu\u1ed1n \u0111\u1ed3ng h\u00e0nh c\u00f9ng ba m\u1eb9 v\u01b0\u1ee3t qua n\u1ed7i c\u00f4 \u0111\u01a1n n\u00e0y, h\u00e3y \u0111\u1ec3 l\u1ea1i tin nh\u1eafn ho\u1eb7c li\u00ean h\u1ec7 m\u00ecnh.<\/strong> M\u00ecnh c\u00f3 m\u1ed9t <strong>nh\u00f3m chuy\u00ean \u0111\u1ec1<\/strong> d\u00e0nh ri\u00eang cho ng\u01b0\u1eddi cao tu\u1ed5i \u2013 n\u01a1i h\u1ecd \u0111\u01b0\u1ee3c l\u1eafng nghe, \u0111\u01b0\u1ee3c k\u1ebft n\u1ed1i, \u0111\u01b0\u1ee3c s\u1ed1ng vui m\u1ed7i ng\u00e0y, d\u00f9 con c\u00e1i c\u00f3 b\u1eadn r\u1ed9n \u0111\u1ebfn m\u1ea5y.<\/p>\n\n\n\n<figure class=\"wp-block-image size-large\"><img loading=\"lazy\" decoding=\"async\" width=\"724\" height=\"1024\" src=\"https:\/\/tamlyhaco.vn\/wp-content\/uploads\/2025\/12\/Poster-0712_2_CONG-TY-TNHH-HACO-VN-724x1024.png\" alt=\"\" class=\"wp-image-283\" srcset=\"https:\/\/tamlyhaco.vn\/wp-content\/uploads\/2025\/12\/Poster-0712_2_CONG-TY-TNHH-HACO-VN-724x1024.png 724w, https:\/\/tamlyhaco.vn\/wp-content\/uploads\/2025\/12\/Poster-0712_2_CONG-TY-TNHH-HACO-VN-212x300.png 212w, https:\/\/tamlyhaco.vn\/wp-content\/uploads\/2025\/12\/Poster-0712_2_CONG-TY-TNHH-HACO-VN-768x1086.png 768w, https:\/\/tamlyhaco.vn\/wp-content\/uploads\/2025\/12\/Poster-0712_2_CONG-TY-TNHH-HACO-VN-1086x1536.png 1086w, https:\/\/tamlyhaco.vn\/wp-content\/uploads\/2025\/12\/Poster-0712_2_CONG-TY-TNHH-HACO-VN-1448x2048.png 1448w, https:\/\/tamlyhaco.vn\/wp-content\/uploads\/2025\/12\/Poster-0712_2_CONG-TY-TNHH-HACO-VN.png 1587w\" sizes=\"auto, (max-width: 724px) 100vw, 724px\" \/><\/figure>\n\n\n\n<p><\/p>\n","protected":false},"excerpt":{"rendered":"<p>Khi cu\u1ed9c s\u1ed1ng xoay v\u1ea7n, khi m\u00e1i t\u00f3c \u0111\u00e3 b\u1ea1c, \u0111\u00f4i ch\u00e2n kh\u00f4ng c\u00f2n b\u01b0\u1edbc nhanh nh\u01b0 tr\u01b0\u1edbc, ng\u01b0\u1eddi ta th\u01b0\u1eddng ngh\u0129 r\u1eb1ng tu\u1ed5i gi\u00e0 l\u00e0 l\u00fac an nh\u00e0n, \u0111\u01b0\u1ee3c ngh\u1ec9 ng\u01a1i, \u0111\u01b0\u1ee3c h\u01b0\u1edfng th\u1ee5 th\u00e0nh qu\u1ea3 c\u1ea3 \u0111\u1eddi vun \u0111\u1eafp, sum v\u1ea7y b\u00ean con ch\u00e1u. Th\u1ebf nh\u01b0ng, \u0111\u1ed1i v\u1edbi kh\u00f4ng \u00edt ng\u01b0\u1eddi cao tu\u1ed5i, [&hellip;]<\/p>\n","protected":false},"author":1,"featured_media":0,"parent":0,"menu_order":0,"comment_status":"closed","ping_status":"closed","template":"","meta":{"footnotes":""},"class_list":["post-317","page","type-page","status-publish","hentry"],"_links":{"self":[{"href":"https:\/\/tamlyhaco.vn\/index.php\/wp-json\/wp\/v2\/pages\/317","targetHints":{"allow":["GET"]}}],"collection":[{"href":"https:\/\/tamlyhaco.vn\/index.php\/wp-json\/wp\/v2\/pages"}],"about":[{"href":"https:\/\/tamlyhaco.vn\/index.php\/wp-json\/wp\/v2\/types\/page"}],"author":[{"embeddable":true,"href":"https:\/\/tamlyhaco.vn\/index.php\/wp-json\/wp\/v2\/users\/1"}],"replies":[{"embeddable":true,"href":"https:\/\/tamlyhaco.vn\/index.php\/wp-json\/wp\/v2\/comments?post=317"}],"version-history":[{"count":1,"href":"https:\/\/tamlyhaco.vn\/index.php\/wp-json\/wp\/v2\/pages\/317\/revisions"}],"predecessor-version":[{"id":324,"href":"https:\/\/tamlyhaco.vn\/index.php\/wp-json\/wp\/v2\/pages\/317\/revisions\/324"}],"wp:attachment":[{"href":"https:\/\/tamlyhaco.vn\/index.php\/wp-json\/wp\/v2\/media?parent=317"}],"curies":[{"name":"wp","href":"https:\/\/api.w.org\/{rel}","templated":true}]}}