{"id":56,"date":"2025-11-30T02:42:10","date_gmt":"2025-11-30T02:42:10","guid":{"rendered":"https:\/\/tamlyhaco.vn\/?page_id=56"},"modified":"2025-12-18T13:29:07","modified_gmt":"2025-12-18T13:29:07","slug":"56-2","status":"publish","type":"page","link":"https:\/\/tamlyhaco.vn\/index.php\/56-2\/","title":{"rendered":"THAM V\u1ea4N C\u1eacN T\u1eec \u2013 \u0110\u1ed2NG H\u00c0NH TRONG H\u00c0NH TR\u00ccNH CU\u1ed0I \u0110\u1edcI"},"content":{"rendered":"\n<figure class=\"wp-block-video\"><video height=\"1080\" style=\"aspect-ratio: 1920 \/ 1080;\" width=\"1920\" controls src=\"https:\/\/tamlyhaco.vn\/wp-content\/uploads\/2025\/12\/done_Ban-da-nghe-noi-ve-Tham-van-can-tu-chua.mp4\"><\/video><\/figure>\n\n\n\n<div class=\"wp-block-group alignfull has-accent-background-color has-background has-global-padding is-layout-constrained wp-container-core-group-is-layout-669513ed wp-block-group-is-layout-constrained\" style=\"margin-top:0;margin-bottom:0;padding-top:var(--wp--preset--spacing--50);padding-right:var(--wp--preset--spacing--50);padding-bottom:var(--wp--preset--spacing--50);padding-left:var(--wp--preset--spacing--50)\">\n<div class=\"wp-block-columns alignwide is-layout-flex wp-container-core-columns-is-layout-1da03c2a wp-block-columns-is-layout-flex\">\n<div class=\"wp-block-column is-vertically-aligned-stretch is-layout-flow wp-block-column-is-layout-flow\" style=\"flex-basis:50%\">\n<div class=\"wp-block-group is-vertical is-content-justification-stretch is-layout-flex wp-container-core-group-is-layout-444d5ee8 wp-block-group-is-layout-flex\" style=\"min-height:100%\">\n<p class=\"has-heading-font-family has-x-large-font-size\" style=\"line-height:1.2\">Trong nh\u1eefng kho\u1ea3nh kh\u1eafc cu\u1ed1i c\u00f9ng c\u1ee7a cu\u1ed9c \u0111\u1eddi, con ng\u01b0\u1eddi th\u01b0\u1eddng tr\u1ea3i qua nhi\u1ec1u bi\u1ebfn \u0111\u1ed5i s\u00e2u s\u1eafc v\u1ec1 c\u1ea3m x\u00fac, nh\u1eadn th\u1ee9c v\u00e0 m\u1ed1i quan h\u1ec7. N\u1ed7i s\u1ee3, s\u1ef1 ti\u1ebfc nu\u1ed1i, nh\u1eefng \u0111i\u1ec1u ch\u01b0a k\u1ecbp n\u00f3i, ho\u1eb7c c\u1ea3m gi\u00e1c hoang mang tr\u01b0\u1edbc \u201cs\u1ef1 v\u00f4 \u0111\u1ecbnh\u201d c\u00f3 th\u1ec3 khi\u1ebfn h\u00e0nh tr\u00ecnh c\u1eadn t\u1eed tr\u1edf n\u00ean n\u1eb7ng n\u1ec1 v\u00e0 c\u00f4 \u0111\u01a1n.<br><\/p>\n\n\n\n<p class=\"has-heading-font-family has-x-large-font-size\" style=\"line-height:1.2\"><strong>Tham v\u1ea5n c\u1eadn t\u1eed<\/strong> ra \u0111\u1eddi nh\u01b0 m\u1ed9t ph\u01b0\u01a1ng ph\u00e1p h\u1ed7 tr\u1ee3 nh\u00e2n v\u0103n \u2013 gi\u00fap ng\u01b0\u1eddi s\u1eafp qua \u0111\u1eddi v\u00e0 gia \u0111\u00ecnh c\u1ee7a h\u1ecd t\u00ecm l\u1ea1i s\u1ef1 b\u00ecnh an, ch\u1ea5p nh\u1eadn v\u00e0 k\u1ebft n\u1ed1i trong giai \u0111o\u1ea1n \u0111\u1ea7y th\u00e1ch th\u1ee9c n\u00e0y.<\/p>\n\n\n\n<div class=\"wp-block-group has-global-padding is-content-justification-left is-layout-constrained wp-container-core-group-is-layout-9fe8ed88 wp-block-group-is-layout-constrained\">\n<p class=\"wp-container-content-0733e5d0\"><\/p>\n<\/div>\n<\/div>\n<\/div>\n\n\n\n<div class=\"wp-block-column is-vertically-aligned-center is-layout-flow wp-block-column-is-layout-flow\" style=\"flex-basis:50%\">\n<figure class=\"wp-block-image size-full\"><img loading=\"lazy\" decoding=\"async\" width=\"1024\" height=\"1024\" src=\"https:\/\/tamlyhaco.vn\/wp-content\/uploads\/2025\/12\/Gemini_Generated_Image_hqtxlvhqtxlvhqtx.png\" alt=\"\" class=\"wp-image-404\" srcset=\"https:\/\/tamlyhaco.vn\/wp-content\/uploads\/2025\/12\/Gemini_Generated_Image_hqtxlvhqtxlvhqtx.png 1024w, https:\/\/tamlyhaco.vn\/wp-content\/uploads\/2025\/12\/Gemini_Generated_Image_hqtxlvhqtxlvhqtx-300x300.png 300w, https:\/\/tamlyhaco.vn\/wp-content\/uploads\/2025\/12\/Gemini_Generated_Image_hqtxlvhqtxlvhqtx-150x150.png 150w, https:\/\/tamlyhaco.vn\/wp-content\/uploads\/2025\/12\/Gemini_Generated_Image_hqtxlvhqtxlvhqtx-768x768.png 768w\" sizes=\"auto, (max-width: 1024px) 100vw, 1024px\" \/><\/figure>\n<\/div>\n<\/div>\n<\/div>\n\n\n\n<div class=\"wp-block-group alignfull has-base-background-color has-background has-global-padding is-layout-constrained wp-container-core-group-is-layout-d89aad35 wp-block-group-is-layout-constrained\" style=\"margin-top:0;margin-bottom:0;padding-top:var(--wp--preset--spacing--50);padding-right:var(--wp--preset--spacing--50);padding-bottom:var(--wp--preset--spacing--50);padding-left:var(--wp--preset--spacing--50)\">\n<div class=\"wp-block-columns alignwide is-layout-flex wp-container-core-columns-is-layout-549b0c86 wp-block-columns-is-layout-flex\">\n<div class=\"wp-block-column has-global-padding is-content-justification-left is-layout-constrained wp-container-core-column-is-layout-4f15e8fe wp-block-column-is-layout-constrained\" style=\"flex-basis:40%\">\n<p><strong>Tham v\u1ea5n c\u1eadn t\u1eed \u2013 kh\u00f4ng ch\u1ec9 l\u00e0 h\u1ed7 tr\u1ee3, m\u00e0 l\u00e0 m\u1ed9t h\u00e0nh tr\u00ecnh y\u00eau th\u01b0\u01a1ng<\/strong><\/p>\n\n\n\n<p>Ch\u00fang t\u00f4i tin r\u1eb1ng c\u00e1i ch\u1ebft kh\u00f4ng ph\u1ea3i d\u1ea5u ch\u1ea5m h\u1ebft, m\u00e0 l\u00e0 m\u1ed9t <strong>giai \u0111o\u1ea1n chuy\u1ec3n ti\u1ebfp quan tr\u1ecdng<\/strong>. Khi \u0111\u01b0\u1ee3c chu\u1ea9n b\u1ecb b\u1eb1ng s\u1ef1 m\u1ec1m m\u1ea1i, hi\u1ec3u bi\u1ebft v\u00e0 l\u00f2ng tr\u1eafc \u1ea9n, h\u00e0nh tr\u00ecnh \u1ea5y c\u00f3 th\u1ec3 tr\u1edf th\u00e0nh c\u01a1 h\u1ed9i \u0111\u1ec3 ch\u1eefa l\u00e0nh, k\u1ebft n\u1ed1i v\u00e0 n\u00f3i nh\u1eefng l\u1eddi \u00fd ngh\u0129a nh\u1ea5t \u0111\u1eddi ng\u01b0\u1eddi.<\/p>\n\n\n\n<p><strong>Tham v\u1ea5n c\u1eadn t\u1eed gi\u00fap m\u1ed7i ng\u01b0\u1eddi s\u1ed1ng tr\u1ecdn v\u1eb9n nh\u1eefng ng\u00e0y c\u00f2n l\u1ea1i \u2013 v\u00e0 gi\u00fap gia \u0111\u00ecnh ti\u1ebfp t\u1ee5c b\u01b0\u1edbc \u0111i v\u1edbi b\u00ecnh an.<\/strong><\/p>\n<\/div>\n\n\n\n<div class=\"wp-block-column is-layout-flow wp-container-core-column-is-layout-119bc444 wp-block-column-is-layout-flow\" style=\"flex-basis:60%\">\n<p class=\"has-heading-font-family has-x-large-font-size\" style=\"line-height:1.2\"><strong>Gi\u00e1 tr\u1ecb m\u00e0 ch\u01b0\u01a1ng tr\u00ecnh mang l\u1ea1i<\/strong><\/p>\n\n\n\n<p class=\"has-heading-font-family has-x-large-font-size\" style=\"line-height:1.2\">H\u1ed7 tr\u1ee3 x\u00e2y d\u1ef1ng s\u1ef1 k\u1ebft n\u1ed1i cu\u1ed1i c\u00f9ng \u2013 \u0111i\u1ec1u m\u00e0 nhi\u1ec1u gia \u0111\u00ecnh n\u00f3i r\u1eb1ng h\u1ecd \u201c\u01b0\u1edbc g\u00ec l\u00e0m s\u1edbm h\u01a1n\u201d.<\/p>\n\n\n\n<p>Gi\u00fap ng\u01b0\u1eddi b\u1ec7nh <strong>ra \u0111i trong s\u1ef1 thanh th\u1ea3n<\/strong><\/p>\n\n\n\n<p>Gi\u00fap gia \u0111\u00ecnh <strong>v\u1eefng t\u00e2m<\/strong>, gi\u1ea3m c\u1ea3m gi\u00e1c h\u1ed1i ti\u1ebfc v\u00e0 kh\u1ee7ng ho\u1ea3ng.<\/p>\n\n\n\n<p>T\u1ea1o kh\u00f4ng gian an to\u00e0n \u0111\u1ec3 chia s\u1ebb nh\u1eefng \u0111i\u1ec1u quan tr\u1ecdng nh\u1ea5t.<\/p>\n<\/div>\n<\/div>\n<\/div>\n\n\n\n<p>Tham v\u1ea5n c\u1eadn t\u1eed (End-of-Life Counseling) l\u00e0 qu\u00e1 tr\u00ecnh h\u1ed7 tr\u1ee3 t\u00e2m l\u00fd d\u00e0nh cho:<\/p>\n\n\n\n<ul class=\"wp-block-list\">\n<li>Ng\u01b0\u1eddi b\u1ec7nh \u0111ang \u1edf giai \u0111o\u1ea1n cu\u1ed1i<\/li>\n\n\n\n<li>Th\u00e2n nh\u00e2n, ng\u01b0\u1eddi ch\u0103m s\u00f3c<\/li>\n\n\n\n<li>Gia \u0111\u00ecnh chu\u1ea9n b\u1ecb \u0111\u1ed1i di\u1ec7n v\u1edbi s\u1ef1 m\u1ea5t m\u00e1t<\/li>\n<\/ul>\n\n\n\n<p>M\u1ee5c ti\u00eau kh\u00f4ng ph\u1ea3i k\u00e9o d\u00e0i s\u1ef1 s\u1ed1ng, m\u00e0 l\u00e0 <strong>n\u00e2ng cao ch\u1ea5t l\u01b0\u1ee3ng c\u1ee7a nh\u1eefng ng\u00e0y c\u00f2n l\u1ea1i<\/strong>, gi\u00fap h\u00e0nh tr\u00ecnh ra \u0111i nh\u1eb9 nh\u00e0ng v\u00e0 tr\u1ecdn v\u1eb9n h\u01a1n.<\/p>\n\n\n\n<div class=\"wp-block-group alignfull has-global-padding is-layout-constrained wp-container-core-group-is-layout-d89aad35 wp-block-group-is-layout-constrained\" style=\"margin-top:0;margin-bottom:0;padding-top:var(--wp--preset--spacing--50);padding-right:var(--wp--preset--spacing--50);padding-bottom:var(--wp--preset--spacing--50);padding-left:var(--wp--preset--spacing--50)\">\n<div class=\"wp-block-columns alignwide are-vertically-aligned-center is-layout-flex wp-container-core-columns-is-layout-47c06fe3 wp-block-columns-is-layout-flex\">\n<div class=\"wp-block-column is-vertically-aligned-center is-layout-flow wp-block-column-is-layout-flow\" style=\"flex-basis:50%\"><\/div>\n\n\n\n<div class=\"wp-block-column is-vertically-aligned-center is-layout-flow wp-block-column-is-layout-flow\" style=\"flex-basis:50%\"><\/div>\n<\/div>\n\n\n\n<figure class=\"wp-block-image size-large\"><img loading=\"lazy\" decoding=\"async\" width=\"1024\" height=\"683\" src=\"https:\/\/tamlyhaco.vn\/wp-content\/uploads\/2025\/12\/c6297d65-128c-44dd-b48d-fccf131aa32b-1-1024x683.png\" alt=\"\" class=\"wp-image-182\" srcset=\"https:\/\/tamlyhaco.vn\/wp-content\/uploads\/2025\/12\/c6297d65-128c-44dd-b48d-fccf131aa32b-1-1024x683.png 1024w, https:\/\/tamlyhaco.vn\/wp-content\/uploads\/2025\/12\/c6297d65-128c-44dd-b48d-fccf131aa32b-1-300x200.png 300w, https:\/\/tamlyhaco.vn\/wp-content\/uploads\/2025\/12\/c6297d65-128c-44dd-b48d-fccf131aa32b-1-768x512.png 768w, https:\/\/tamlyhaco.vn\/wp-content\/uploads\/2025\/12\/c6297d65-128c-44dd-b48d-fccf131aa32b-1.png 1536w\" sizes=\"auto, (max-width: 1024px) 100vw, 1024px\" \/><\/figure>\n<\/div>\n\n\n\n<p><strong>V\u00ec sao tham v\u1ea5n c\u1eadn t\u1eed quan tr\u1ecdng?<\/strong><\/p>\n\n\n\n<p><strong>\u2022 Gi\u1ea3m lo \u00e2u v\u00e0 s\u1ee3 h\u00e3i<\/strong><\/p>\n\n\n\n<p>Nhi\u1ec1u ng\u01b0\u1eddi \u0111\u1ed1i di\u1ec7n c\u00e1i ch\u1ebft v\u1edbi n\u1ed7i s\u1ee3: m\u1ea5t ki\u1ec3m so\u00e1t, n\u1ed7i \u0111au, s\u1ef1 chia ly\u2026 Tham v\u1ea5n gi\u00fap h\u1ecd g\u1ecdi t\u00ean, hi\u1ec3u v\u00e0 l\u00e0m d\u1ecbu nh\u1eefng c\u1ea3m x\u00fac n\u00e0y.<\/p>\n\n\n\n<p><strong>\u2022 Gi\u00fap ng\u01b0\u1eddi b\u1ec7nh t\u00ecm th\u1ea5y \u00fd ngh\u0129a<\/strong><\/p>\n\n\n\n<p>\u1ede giai \u0111o\u1ea1n cu\u1ed1i, nhi\u1ec1u ng\u01b0\u1eddi \u0111\u1eb7t c\u00e2u h\u1ecfi v\u1ec1 m\u1ee5c \u0111\u00edch s\u1ed1ng, gi\u00e1 tr\u1ecb b\u1ea3n th\u00e2n. Tham v\u1ea5n gi\u00fap h\u1ecd k\u1ebft n\u1ed1i l\u1ea1i v\u1edbi nh\u1eefng th\u00e0nh t\u1ef1u, t\u00ecnh y\u00eau th\u01b0\u01a1ng v\u00e0 \u0111i\u1ec1u h\u1ecd \u0111\u1ec3 l\u1ea1i cho \u0111\u1eddi.<\/p>\n\n\n\n<p><strong>\u2022 H\u1ed7 tr\u1ee3 gia \u0111\u00ecnh<\/strong><\/p>\n\n\n\n<p>Ng\u01b0\u1eddi th\u00e2n th\u01b0\u1eddng \u0111\u1ed1i m\u1eb7t v\u1edbi c\u0103ng th\u1eb3ng: ch\u0103m s\u00f3c, b\u1ea5t l\u1ef1c, \u0111au bu\u1ed3n, m\u00e2u thu\u1eabn\u2026 Tham v\u1ea5n cung c\u1ea5p c\u00f4ng c\u1ee5 \u0111\u1ec3 h\u1ecd th\u00edch \u1ee9ng v\u00e0 chu\u1ea9n b\u1ecb cho giai \u0111o\u1ea1n tang ch\u1ebf<\/p>\n\n\n\n<p><strong>\u2022 Nu\u00f4i d\u01b0\u1ee1ng s\u1ef1 k\u1ebft n\u1ed1i<\/strong><\/p>\n\n\n\n<p>M\u1ed9t trong nh\u1eefng nhu c\u1ea7u l\u1edbn nh\u1ea5t cu\u1ed1i \u0111\u1eddi l\u00e0 \u0111\u01b0\u1ee3c y\u00eau th\u01b0\u01a1ng, \u0111\u01b0\u1ee3c n\u00f3i l\u1eddi c\u1ea3m \u01a1n \u2013 xin l\u1ed7i \u2013 t\u1ea1m bi\u1ec7t. Tham v\u1ea5n gi\u00fap t\u1ea1o nh\u1eefng kho\u1ea3nh kh\u1eafc k\u1ebft n\u1ed1i \u00fd ngh\u0129a n\u00e0y.<\/p>\n\n\n\n<hr class=\"wp-block-separator has-alpha-channel-opacity\"\/>\n\n\n\n<figure class=\"wp-block-image size-large\"><img loading=\"lazy\" decoding=\"async\" width=\"724\" height=\"1024\" src=\"https:\/\/tamlyhaco.vn\/wp-content\/uploads\/2025\/12\/Poster-0712_2_CONG-TY-TNHH-HACO-VN-724x1024.png\" alt=\"\" class=\"wp-image-283\" srcset=\"https:\/\/tamlyhaco.vn\/wp-content\/uploads\/2025\/12\/Poster-0712_2_CONG-TY-TNHH-HACO-VN-724x1024.png 724w, https:\/\/tamlyhaco.vn\/wp-content\/uploads\/2025\/12\/Poster-0712_2_CONG-TY-TNHH-HACO-VN-212x300.png 212w, https:\/\/tamlyhaco.vn\/wp-content\/uploads\/2025\/12\/Poster-0712_2_CONG-TY-TNHH-HACO-VN-768x1086.png 768w, https:\/\/tamlyhaco.vn\/wp-content\/uploads\/2025\/12\/Poster-0712_2_CONG-TY-TNHH-HACO-VN-1086x1536.png 1086w, https:\/\/tamlyhaco.vn\/wp-content\/uploads\/2025\/12\/Poster-0712_2_CONG-TY-TNHH-HACO-VN-1448x2048.png 1448w, https:\/\/tamlyhaco.vn\/wp-content\/uploads\/2025\/12\/Poster-0712_2_CONG-TY-TNHH-HACO-VN.png 1587w\" sizes=\"auto, (max-width: 724px) 100vw, 724px\" \/><\/figure>\n","protected":false},"excerpt":{"rendered":"<p>Trong nh\u1eefng kho\u1ea3nh kh\u1eafc cu\u1ed1i c\u00f9ng c\u1ee7a cu\u1ed9c \u0111\u1eddi, con ng\u01b0\u1eddi th\u01b0\u1eddng tr\u1ea3i qua nhi\u1ec1u bi\u1ebfn \u0111\u1ed5i s\u00e2u s\u1eafc v\u1ec1 c\u1ea3m x\u00fac, nh\u1eadn th\u1ee9c v\u00e0 m\u1ed1i quan h\u1ec7. N\u1ed7i s\u1ee3, s\u1ef1 ti\u1ebfc nu\u1ed1i, nh\u1eefng \u0111i\u1ec1u ch\u01b0a k\u1ecbp n\u00f3i, ho\u1eb7c c\u1ea3m gi\u00e1c hoang mang tr\u01b0\u1edbc \u201cs\u1ef1 v\u00f4 \u0111\u1ecbnh\u201d c\u00f3 th\u1ec3 khi\u1ebfn h\u00e0nh tr\u00ecnh c\u1eadn t\u1eed tr\u1edf [&hellip;]<\/p>\n","protected":false},"author":1,"featured_media":57,"parent":0,"menu_order":0,"comment_status":"closed","ping_status":"closed","template":"","meta":{"footnotes":""},"class_list":["post-56","page","type-page","status-publish","has-post-thumbnail","hentry"],"_links":{"self":[{"href":"https:\/\/tamlyhaco.vn\/index.php\/wp-json\/wp\/v2\/pages\/56","targetHints":{"allow":["GET"]}}],"collection":[{"href":"https:\/\/tamlyhaco.vn\/index.php\/wp-json\/wp\/v2\/pages"}],"about":[{"href":"https:\/\/tamlyhaco.vn\/index.php\/wp-json\/wp\/v2\/types\/page"}],"author":[{"embeddable":true,"href":"https:\/\/tamlyhaco.vn\/index.php\/wp-json\/wp\/v2\/users\/1"}],"replies":[{"embeddable":true,"href":"https:\/\/tamlyhaco.vn\/index.php\/wp-json\/wp\/v2\/comments?post=56"}],"version-history":[{"count":8,"href":"https:\/\/tamlyhaco.vn\/index.php\/wp-json\/wp\/v2\/pages\/56\/revisions"}],"predecessor-version":[{"id":407,"href":"https:\/\/tamlyhaco.vn\/index.php\/wp-json\/wp\/v2\/pages\/56\/revisions\/407"}],"wp:featuredmedia":[{"embeddable":true,"href":"https:\/\/tamlyhaco.vn\/index.php\/wp-json\/wp\/v2\/media\/57"}],"wp:attachment":[{"href":"https:\/\/tamlyhaco.vn\/index.php\/wp-json\/wp\/v2\/media?parent=56"}],"curies":[{"name":"wp","href":"https:\/\/api.w.org\/{rel}","templated":true}]}}