{"id":99,"date":"2025-12-03T05:22:09","date_gmt":"2025-12-03T05:22:09","guid":{"rendered":"https:\/\/tamlyhaco.vn\/?page_id=99"},"modified":"2025-12-11T06:23:21","modified_gmt":"2025-12-11T06:23:21","slug":"chuyen-de-tinh-duc-va-suc-khoe-sinh-san","status":"publish","type":"page","link":"https:\/\/tamlyhaco.vn\/index.php\/chuyen-de-tinh-duc-va-suc-khoe-sinh-san\/","title":{"rendered":"Chuy\u00ean \u0111\u1ec1 T\u00ecnh d\u1ee5c v\u00e0 s\u1ee9c kh\u1ecfe sinh s\u1ea3n"},"content":{"rendered":"\n<div class=\"wp-block-group alignfull has-accent-background-color has-background has-global-padding is-layout-constrained wp-container-core-group-is-layout-669513ed wp-block-group-is-layout-constrained\" style=\"margin-top:0;margin-bottom:0;padding-top:var(--wp--preset--spacing--50);padding-right:var(--wp--preset--spacing--50);padding-bottom:var(--wp--preset--spacing--50);padding-left:var(--wp--preset--spacing--50)\">\n<div class=\"wp-block-columns alignwide is-layout-flex wp-container-core-columns-is-layout-1da03c2a wp-block-columns-is-layout-flex\">\n<div class=\"wp-block-column is-vertically-aligned-stretch is-layout-flow wp-block-column-is-layout-flow\" style=\"flex-basis:50%\">\n<div class=\"wp-block-group is-vertical is-content-justification-stretch is-layout-flex wp-container-core-group-is-layout-444d5ee8 wp-block-group-is-layout-flex\" style=\"min-height:100%\">\n<p class=\"has-heading-font-family has-large-font-size\" style=\"line-height:1.2\">S\u1ee9c kh\u1ecfe sinh s\u1ea3n v\u00e0 t\u00ecnh d\u1ee5c l\u00e0 s\u1ef1 kh\u1ecfe m\u1ea1nh to\u00e0n di\u1ec7n v\u1ec1 th\u1ec3 ch\u1ea5t, tinh th\u1ea7n v\u00e0 x\u00e3 h\u1ed9i trong c\u00e1c v\u1ea5n \u0111\u1ec1 li\u00ean quan \u0111\u1ebfn c\u01a1 th\u1ec3, gi\u1edbi t\u00ednh, quan h\u1ec7, v\u00e0 kh\u1ea3 n\u0103ng sinh s\u1ea3n.<\/p>\n\n\n\n<p><\/p>\n\n\n\n<div class=\"wp-block-group has-global-padding is-content-justification-left is-layout-constrained wp-container-core-group-is-layout-9fe8ed88 wp-block-group-is-layout-constrained\">\n<p class=\"has-large-font-size wp-container-content-0733e5d0\"><\/p>\n\n\n\n<div class=\"wp-block-buttons is-layout-flex wp-block-buttons-is-layout-flex\">\n<div class=\"wp-block-button\"><a class=\"wp-block-button__link wp-element-button\">V\u1ec1 ch\u00fang t\u00f4i<\/a><\/div>\n<\/div>\n<\/div>\n<\/div>\n<\/div>\n\n\n\n<div class=\"wp-block-column is-vertically-aligned-center is-layout-flow wp-block-column-is-layout-flow\" style=\"flex-basis:50%\">\n<figure class=\"wp-block-image size-full is-style-rounded is-style-rounded--1\"><img loading=\"lazy\" decoding=\"async\" width=\"1024\" height=\"747\" src=\"https:\/\/tamlyhaco.vn\/wp-content\/uploads\/2025\/12\/unnamed-3.jpg\" alt=\"\" class=\"wp-image-100\" style=\"aspect-ratio:3\/4;object-fit:cover\" srcset=\"https:\/\/tamlyhaco.vn\/wp-content\/uploads\/2025\/12\/unnamed-3.jpg 1024w, https:\/\/tamlyhaco.vn\/wp-content\/uploads\/2025\/12\/unnamed-3-300x219.jpg 300w, https:\/\/tamlyhaco.vn\/wp-content\/uploads\/2025\/12\/unnamed-3-768x560.jpg 768w\" sizes=\"auto, (max-width: 1024px) 100vw, 1024px\" \/><\/figure>\n<\/div>\n<\/div>\n<\/div>\n\n\n\n<div class=\"wp-block-group alignfull has-base-background-color has-background has-global-padding is-layout-constrained wp-container-core-group-is-layout-d89aad35 wp-block-group-is-layout-constrained\" style=\"margin-top:0;margin-bottom:0;padding-top:var(--wp--preset--spacing--50);padding-right:var(--wp--preset--spacing--50);padding-bottom:var(--wp--preset--spacing--50);padding-left:var(--wp--preset--spacing--50)\">\n<div class=\"wp-block-columns alignwide is-layout-flex wp-container-core-columns-is-layout-549b0c86 wp-block-columns-is-layout-flex\">\n<div class=\"wp-block-column has-global-padding is-content-justification-left is-layout-constrained wp-container-core-column-is-layout-4f15e8fe wp-block-column-is-layout-constrained\" style=\"flex-basis:40%\">\n<p>Trang b\u1ecb ki\u1ebfn th\u1ee9c \u0111\u00fang \u2013 an to\u00e0n \u2013 khoa h\u1ecdc.<\/p>\n\n\n\n<p>Gi\u00fap ng\u01b0\u1eddi tham gia hi\u1ec3u r\u00f5 c\u01a1 th\u1ec3 v\u00e0 bi\u1ebft c\u00e1ch t\u1ef1 b\u1ea3o v\u1ec7 m\u00ecnh.<\/p>\n\n\n\n<p>H\u1ed7 tr\u1ee3 x\u00e2y d\u1ef1ng m\u1ed1i quan h\u1ec7 t\u00ecnh c\u1ea3m l\u00e0nh m\u1ea1nh, t\u00f4n tr\u1ecdng v\u00e0 c\u00f3 tr\u00e1ch nhi\u1ec7m.<\/p>\n<\/div>\n\n\n\n<div class=\"wp-block-column is-layout-flow wp-container-core-column-is-layout-119bc444 wp-block-column-is-layout-flow\" style=\"flex-basis:60%\">\n<p class=\"has-heading-font-family has-x-large-font-size\" style=\"line-height:1.2\">Hi\u1ec3u c\u01a1 th\u1ec3 \u2013 t\u00f4n tr\u1ecdng b\u1ea3n th\u00e2n \u2013 b\u1ea3o v\u1ec7 s\u1ee9c kh\u1ecfe \u2013 giao ti\u1ebfp r\u00f5 r\u00e0ng \u2013 x\u00e2y d\u1ef1ng m\u1ed1i quan h\u1ec7 an to\u00e0n v\u00e0 t\u00edch c\u1ef1c.<\/p>\n\n\n\n<div class=\"wp-block-columns is-layout-flex wp-container-core-columns-is-layout-87beb0d0 wp-block-columns-is-layout-flex\">\n<div class=\"wp-block-column is-layout-flow wp-block-column-is-layout-flow\">\n<p class=\"wp-container-content-9cfa9a5a\"><strong>Hi\u1ec3u v\u1ec1 c\u01a1 th\u1ec3<\/strong>: c\u00e1c giai \u0111o\u1ea1n ph\u00e1t tri\u1ec3n, thay \u0111\u1ed5i sinh l\u00fd, c\u01a1 quan sinh s\u1ea3n.<\/p>\n\n\n\n<p class=\"wp-container-content-9cfa9a5a\"><strong>T\u00ecnh d\u1ee5c an to\u00e0n<\/strong>: ph\u00f2ng tr\u00e1nh b\u1ec7nh l\u00e2y qua \u0111\u01b0\u1eddng t\u00ecnh d\u1ee5c, ph\u00f2ng tr\u00e1nh mang thai ngo\u00e0i \u00fd mu\u1ed1n. <\/p>\n<\/div>\n\n\n\n<div class=\"wp-block-column is-layout-flow wp-block-column-is-layout-flow\">\n<p><strong>Ranh gi\u1edbi &amp; s\u1ef1 \u0111\u1ed3ng thu\u1eadn<\/strong>: hi\u1ec3u v\u00e0 t\u00f4n tr\u1ecdng ranh gi\u1edbi c\u1ee7a b\u1ea3n th\u00e2n v\u00e0 ng\u01b0\u1eddi kh\u00e1c;<\/p>\n\n\n\n<p><strong>C\u1ea3m x\u00fac &amp; m\u1ed1i quan h\u1ec7<\/strong>: x\u00e2y d\u1ef1ng m\u1ed1i quan h\u1ec7 l\u00e0nh m\u1ea1nh, t\u00f4n tr\u1ecdng, kh\u00f4ng \u00e9p bu\u1ed9c.<\/p>\n\n\n\n<p><strong>Ch\u0103m s\u00f3c b\u1ea3n th\u00e2n<\/strong>: th\u0103m kh\u00e1m \u0111\u1ecbnh k\u1ef3, gi\u1eef v\u1ec7 sinh c\u00e1 nh\u00e2n, nh\u1eadn di\u1ec7n d\u1ea5u hi\u1ec7u b\u1ea5t th\u01b0\u1eddng \u0111\u1ec3 k\u1ecbp th\u1eddi h\u1ed7 tr\u1ee3 y t\u1ebf.<\/p>\n<\/div>\n<\/div>\n<\/div>\n<\/div>\n<\/div>\n\n\n\n<div class=\"wp-block-group alignfull has-accent-5-background-color has-background has-global-padding is-layout-constrained wp-container-core-group-is-layout-d89aad35 wp-block-group-is-layout-constrained\" style=\"margin-top:0;margin-bottom:0;padding-top:var(--wp--preset--spacing--50);padding-right:var(--wp--preset--spacing--50);padding-bottom:var(--wp--preset--spacing--50);padding-left:var(--wp--preset--spacing--50)\">\n<div class=\"wp-block-columns alignwide is-layout-flex wp-container-core-columns-is-layout-1da03c2a wp-block-columns-is-layout-flex\">\n<div class=\"wp-block-column is-vertically-aligned-center is-layout-flow wp-block-column-is-layout-flow\" style=\"flex-basis:60%\">\n<figure class=\"wp-block-image size-full is-style-rounded wp-duotone-duotone-1 is-style-rounded--2\"><img loading=\"lazy\" decoding=\"async\" width=\"784\" height=\"1168\" src=\"https:\/\/tamlyhaco.vn\/wp-content\/uploads\/2025\/12\/image-1.jpg\" alt=\"\" class=\"wp-image-101\" style=\"aspect-ratio:4\/3;object-fit:cover\" srcset=\"https:\/\/tamlyhaco.vn\/wp-content\/uploads\/2025\/12\/image-1.jpg 784w, https:\/\/tamlyhaco.vn\/wp-content\/uploads\/2025\/12\/image-1-201x300.jpg 201w, https:\/\/tamlyhaco.vn\/wp-content\/uploads\/2025\/12\/image-1-687x1024.jpg 687w, https:\/\/tamlyhaco.vn\/wp-content\/uploads\/2025\/12\/image-1-768x1144.jpg 768w\" sizes=\"auto, (max-width: 784px) 100vw, 784px\" \/><\/figure>\n<\/div>\n\n\n\n<div class=\"wp-block-column is-layout-flow wp-block-column-is-layout-flow\" style=\"flex-basis:40%\">\n<h2 class=\"wp-block-heading\"><strong>Gi\u00e1 tr\u1ecb mang l\u1ea1i<\/strong><\/h2>\n\n\n\n<ul class=\"wp-block-list\">\n<li><strong>Ki\u1ebfn th\u1ee9c chuy\u00ean m\u00f4n:<\/strong> N\u1ed9i dung \u0111\u01b0\u1ee3c x\u00e2y d\u1ef1ng b\u1edfi chuy\u00ean gia s\u1ee9c kh\u1ecfe sinh s\u1ea3n &amp; y t\u1ebf.<\/li>\n\n\n\n<li><strong>M\u00f4i tr\u01b0\u1eddng c\u1edfi m\u1edf:<\/strong> Kh\u00f4ng ph\u00e1n x\u00e9t, tho\u1ea3i m\u00e1i \u0111\u1eb7t c\u00e2u h\u1ecfi.<\/li>\n\n\n\n<li><strong>Trao quy\u1ec1n qua hi\u1ec3u bi\u1ebft:<\/strong> Ki\u1ebfn th\u1ee9c ch\u00ednh x\u00e1c l\u00e0 n\u1ec1n t\u1ea3ng \u0111\u1ec3 b\u1ea3o v\u1ec7 ch\u00ednh m\u00ecnh v\u00e0 ng\u01b0\u1eddi th\u00e2n.<\/li>\n<\/ul>\n\n\n\n<p><\/p>\n<\/div>\n<\/div>\n<\/div>\n\n\n\n<div class=\"wp-block-group alignfull has-global-padding is-layout-constrained wp-container-core-group-is-layout-669513ed wp-block-group-is-layout-constrained\" style=\"margin-top:0;margin-bottom:0;padding-top:var(--wp--preset--spacing--50);padding-right:var(--wp--preset--spacing--50);padding-bottom:var(--wp--preset--spacing--50);padding-left:var(--wp--preset--spacing--50)\">\n<div class=\"wp-block-group is-vertical is-content-justification-center is-layout-flex wp-container-core-group-is-layout-ce155fab wp-block-group-is-layout-flex\">\n<h2 class=\"wp-block-heading has-text-align-center has-xx-large-font-size\"><strong><em>T\u00ecnh d\u1ee5c l\u00e0 \u0111i\u1ec1u t\u1ef1 nhi\u00ean. Ki\u1ebfn th\u1ee9c l\u00e0 n\u1ec1n t\u1ea3ng c\u1ee7a s\u1ef1 an to\u00e0n.<\/em><\/strong><\/h2>\n\n\n\n<p class=\"has-text-align-center\"><strong>Hi\u1ec3u c\u01a1 th\u1ec3 \u2013 T\u00f4n tr\u1ecdng b\u1ea3n th\u00e2n \u2013 B\u1ea3o v\u1ec7 s\u1ee9c kh\u1ecfe \u2013 Giao ti\u1ebfp r\u00f5 r\u00e0ng \u2013 X\u00e2y d\u1ef1ng quan h\u1ec7 an to\u00e0n &amp; t\u00edch c\u1ef1c.<\/strong><\/p>\n<\/div>\n\n\n\n<div style=\"height:var(--wp--preset--spacing--30)\" aria-hidden=\"true\" class=\"wp-block-spacer\"><\/div>\n\n\n\n<div class=\"wp-block-columns alignwide is-layout-flex wp-container-core-columns-is-layout-4935966c wp-block-columns-is-layout-flex\" style=\"padding-right:0;padding-left:0\">\n<div class=\"wp-block-column is-layout-flow wp-block-column-is-layout-flow\">\n<figure class=\"wp-block-image size-full is-style-rounded is-style-rounded--3\"><img loading=\"lazy\" decoding=\"async\" width=\"1024\" height=\"1024\" src=\"https:\/\/tamlyhaco.vn\/wp-content\/uploads\/2025\/12\/unnamed-1-1.jpg\" alt=\"\" class=\"wp-image-106\" style=\"aspect-ratio:1;object-fit:cover\" srcset=\"https:\/\/tamlyhaco.vn\/wp-content\/uploads\/2025\/12\/unnamed-1-1.jpg 1024w, https:\/\/tamlyhaco.vn\/wp-content\/uploads\/2025\/12\/unnamed-1-1-300x300.jpg 300w, https:\/\/tamlyhaco.vn\/wp-content\/uploads\/2025\/12\/unnamed-1-1-150x150.jpg 150w, https:\/\/tamlyhaco.vn\/wp-content\/uploads\/2025\/12\/unnamed-1-1-768x768.jpg 768w\" sizes=\"auto, (max-width: 1024px) 100vw, 1024px\" \/><\/figure>\n<\/div>\n\n\n\n<div class=\"wp-block-column is-layout-flow wp-block-column-is-layout-flow\">\n<figure class=\"wp-block-image size-full is-style-rounded is-style-rounded--4\"><img loading=\"lazy\" decoding=\"async\" width=\"1024\" height=\"1024\" src=\"https:\/\/tamlyhaco.vn\/wp-content\/uploads\/2025\/12\/unnamed-3-1.jpg\" alt=\"\" class=\"wp-image-107\" style=\"aspect-ratio:1;object-fit:cover\" srcset=\"https:\/\/tamlyhaco.vn\/wp-content\/uploads\/2025\/12\/unnamed-3-1.jpg 1024w, https:\/\/tamlyhaco.vn\/wp-content\/uploads\/2025\/12\/unnamed-3-1-300x300.jpg 300w, https:\/\/tamlyhaco.vn\/wp-content\/uploads\/2025\/12\/unnamed-3-1-150x150.jpg 150w, https:\/\/tamlyhaco.vn\/wp-content\/uploads\/2025\/12\/unnamed-3-1-768x768.jpg 768w\" sizes=\"auto, (max-width: 1024px) 100vw, 1024px\" \/><\/figure>\n<\/div>\n\n\n\n<div class=\"wp-block-column is-layout-flow wp-block-column-is-layout-flow\">\n<figure class=\"wp-block-image size-full is-style-rounded is-style-rounded--5\"><img loading=\"lazy\" decoding=\"async\" width=\"1024\" height=\"1024\" src=\"https:\/\/tamlyhaco.vn\/wp-content\/uploads\/2025\/12\/unnamed-4-1.jpg\" alt=\"\" class=\"wp-image-108\" style=\"aspect-ratio:1;object-fit:cover\" srcset=\"https:\/\/tamlyhaco.vn\/wp-content\/uploads\/2025\/12\/unnamed-4-1.jpg 1024w, https:\/\/tamlyhaco.vn\/wp-content\/uploads\/2025\/12\/unnamed-4-1-300x300.jpg 300w, https:\/\/tamlyhaco.vn\/wp-content\/uploads\/2025\/12\/unnamed-4-1-150x150.jpg 150w, https:\/\/tamlyhaco.vn\/wp-content\/uploads\/2025\/12\/unnamed-4-1-768x768.jpg 768w\" sizes=\"auto, (max-width: 1024px) 100vw, 1024px\" \/><\/figure>\n<\/div>\n\n\n\n<div class=\"wp-block-column is-layout-flow wp-block-column-is-layout-flow\">\n<figure class=\"wp-block-image size-full is-style-rounded is-style-rounded--6\"><img loading=\"lazy\" decoding=\"async\" width=\"1024\" height=\"1024\" src=\"https:\/\/tamlyhaco.vn\/wp-content\/uploads\/2025\/12\/unnamed-5-1.jpg\" alt=\"\" class=\"wp-image-109\" style=\"aspect-ratio:1;object-fit:cover\" srcset=\"https:\/\/tamlyhaco.vn\/wp-content\/uploads\/2025\/12\/unnamed-5-1.jpg 1024w, https:\/\/tamlyhaco.vn\/wp-content\/uploads\/2025\/12\/unnamed-5-1-300x300.jpg 300w, https:\/\/tamlyhaco.vn\/wp-content\/uploads\/2025\/12\/unnamed-5-1-150x150.jpg 150w, https:\/\/tamlyhaco.vn\/wp-content\/uploads\/2025\/12\/unnamed-5-1-768x768.jpg 768w\" sizes=\"auto, (max-width: 1024px) 100vw, 1024px\" \/><\/figure>\n<\/div>\n<\/div>\n<\/div>\n\n\n\n<div class=\"wp-block-group alignfull has-global-padding is-layout-constrained wp-container-core-group-is-layout-d89aad35 wp-block-group-is-layout-constrained\" style=\"margin-top:0;margin-bottom:0;padding-top:var(--wp--preset--spacing--50);padding-right:var(--wp--preset--spacing--50);padding-bottom:var(--wp--preset--spacing--50);padding-left:var(--wp--preset--spacing--50)\">\n<div class=\"wp-block-group alignwide has-base-2-background-color has-background is-layout-flow wp-block-group-is-layout-flow\" style=\"border-radius:16px;padding-top:var(--wp--preset--spacing--50);padding-right:var(--wp--preset--spacing--50);padding-bottom:var(--wp--preset--spacing--50);padding-left:var(--wp--preset--spacing--50)\">\n<figure class=\"wp-block-image size-large\"><img loading=\"lazy\" decoding=\"async\" width=\"724\" height=\"1024\" src=\"https:\/\/tamlyhaco.vn\/wp-content\/uploads\/2025\/12\/Poster-0712_2_CONG-TY-TNHH-HACO-VN-724x1024.png\" alt=\"\" class=\"wp-image-283\" srcset=\"https:\/\/tamlyhaco.vn\/wp-content\/uploads\/2025\/12\/Poster-0712_2_CONG-TY-TNHH-HACO-VN-724x1024.png 724w, https:\/\/tamlyhaco.vn\/wp-content\/uploads\/2025\/12\/Poster-0712_2_CONG-TY-TNHH-HACO-VN-212x300.png 212w, https:\/\/tamlyhaco.vn\/wp-content\/uploads\/2025\/12\/Poster-0712_2_CONG-TY-TNHH-HACO-VN-768x1086.png 768w, https:\/\/tamlyhaco.vn\/wp-content\/uploads\/2025\/12\/Poster-0712_2_CONG-TY-TNHH-HACO-VN-1086x1536.png 1086w, https:\/\/tamlyhaco.vn\/wp-content\/uploads\/2025\/12\/Poster-0712_2_CONG-TY-TNHH-HACO-VN-1448x2048.png 1448w, https:\/\/tamlyhaco.vn\/wp-content\/uploads\/2025\/12\/Poster-0712_2_CONG-TY-TNHH-HACO-VN.png 1587w\" sizes=\"auto, (max-width: 724px) 100vw, 724px\" \/><\/figure>\n\n\n\n<div style=\"height:var(--wp--preset--spacing--10)\" aria-hidden=\"true\" class=\"wp-block-spacer\"><\/div>\n<\/div>\n<\/div>\n\n\n\n<p><\/p>\n","protected":false},"excerpt":{"rendered":"<p>S\u1ee9c kh\u1ecfe sinh s\u1ea3n v\u00e0 t\u00ecnh d\u1ee5c l\u00e0 s\u1ef1 kh\u1ecfe m\u1ea1nh to\u00e0n di\u1ec7n v\u1ec1 th\u1ec3 ch\u1ea5t, tinh th\u1ea7n v\u00e0 x\u00e3 h\u1ed9i trong c\u00e1c v\u1ea5n \u0111\u1ec1 li\u00ean quan \u0111\u1ebfn c\u01a1 th\u1ec3, gi\u1edbi t\u00ednh, quan h\u1ec7, v\u00e0 kh\u1ea3 n\u0103ng sinh s\u1ea3n. Trang b\u1ecb ki\u1ebfn th\u1ee9c \u0111\u00fang \u2013 an to\u00e0n \u2013 khoa h\u1ecdc. Gi\u00fap ng\u01b0\u1eddi tham gia hi\u1ec3u [&hellip;]<\/p>\n","protected":false},"author":1,"featured_media":105,"parent":0,"menu_order":0,"comment_status":"closed","ping_status":"closed","template":"","meta":{"footnotes":""},"class_list":["post-99","page","type-page","status-publish","has-post-thumbnail","hentry"],"_links":{"self":[{"href":"https:\/\/tamlyhaco.vn\/index.php\/wp-json\/wp\/v2\/pages\/99","targetHints":{"allow":["GET"]}}],"collection":[{"href":"https:\/\/tamlyhaco.vn\/index.php\/wp-json\/wp\/v2\/pages"}],"about":[{"href":"https:\/\/tamlyhaco.vn\/index.php\/wp-json\/wp\/v2\/types\/page"}],"author":[{"embeddable":true,"href":"https:\/\/tamlyhaco.vn\/index.php\/wp-json\/wp\/v2\/users\/1"}],"replies":[{"embeddable":true,"href":"https:\/\/tamlyhaco.vn\/index.php\/wp-json\/wp\/v2\/comments?post=99"}],"version-history":[{"count":6,"href":"https:\/\/tamlyhaco.vn\/index.php\/wp-json\/wp\/v2\/pages\/99\/revisions"}],"predecessor-version":[{"id":327,"href":"https:\/\/tamlyhaco.vn\/index.php\/wp-json\/wp\/v2\/pages\/99\/revisions\/327"}],"wp:featuredmedia":[{"embeddable":true,"href":"https:\/\/tamlyhaco.vn\/index.php\/wp-json\/wp\/v2\/media\/105"}],"wp:attachment":[{"href":"https:\/\/tamlyhaco.vn\/index.php\/wp-json\/wp\/v2\/media?parent=99"}],"curies":[{"name":"wp","href":"https:\/\/api.w.org\/{rel}","templated":true}]}}